{"id":334,"date":"2022-07-11T10:09:42","date_gmt":"2022-07-11T10:09:42","guid":{"rendered":"https:\/\/damiaoecia.com.br\/?page_id=334"},"modified":"2022-07-16T15:45:45","modified_gmt":"2022-07-16T15:45:45","slug":"o-grupo","status":"publish","type":"page","link":"https:\/\/damiaoecia.com.br\/?page_id=334","title":{"rendered":"O Grupo"},"content":{"rendered":"\t\t<div data-elementor-type=\"wp-page\" data-elementor-id=\"334\" class=\"elementor elementor-334\">\n\t\t\t\t\t\t<section class=\"elementor-section elementor-top-section elementor-element elementor-element-ef9bc10 elementor-section-boxed elementor-section-height-default elementor-section-height-default\" data-id=\"ef9bc10\" data-element_type=\"section\">\n\t\t\t\t\t\t<div class=\"elementor-container elementor-column-gap-default\">\n\t\t\t\t\t<div class=\"elementor-column elementor-col-100 elementor-top-column elementor-element elementor-element-41fafef\" data-id=\"41fafef\" data-element_type=\"column\">\n\t\t\t<div class=\"elementor-widget-wrap elementor-element-populated\">\n\t\t\t\t\t\t<div class=\"elementor-element elementor-element-5bf6d10 elementor-widget elementor-widget-image\" data-id=\"5bf6d10\" data-element_type=\"widget\" data-widget_type=\"image.default\">\n\t\t\t\t<div class=\"elementor-widget-container\">\n\t\t\t<style>\/*! elementor - v3.20.0 - 26-03-2024 *\/\n.elementor-widget-image{text-align:center}.elementor-widget-image a{display:inline-block}.elementor-widget-image a img[src$=\".svg\"]{width:48px}.elementor-widget-image img{vertical-align:middle;display:inline-block}<\/style>\t\t\t\t\t\t\t\t\t\t<img fetchpriority=\"high\" decoding=\"async\" width=\"960\" height=\"889\" src=\"https:\/\/damiaoecia.com.br\/wp-content\/uploads\/2022\/07\/grupo-1024x948.jpg\" class=\"attachment-large size-large wp-image-742\" alt=\"\" srcset=\"https:\/\/damiaoecia.com.br\/wp-content\/uploads\/2022\/07\/grupo-1024x948.jpg 1024w, https:\/\/damiaoecia.com.br\/wp-content\/uploads\/2022\/07\/grupo-300x278.jpg 300w, https:\/\/damiaoecia.com.br\/wp-content\/uploads\/2022\/07\/grupo-768x711.jpg 768w, https:\/\/damiaoecia.com.br\/wp-content\/uploads\/2022\/07\/grupo.jpg 1080w\" sizes=\"(max-width: 960px) 100vw, 960px\" \/>\t\t\t\t\t\t\t\t\t\t\t\t\t<\/div>\n\t\t\t\t<\/div>\n\t\t\t\t\t<\/div>\n\t\t<\/div>\n\t\t\t\t\t<\/div>\n\t\t<\/section>\n\t\t\t\t<section class=\"elementor-section elementor-top-section elementor-element elementor-element-b6fa663 elementor-section-boxed elementor-section-height-default elementor-section-height-default\" data-id=\"b6fa663\" data-element_type=\"section\">\n\t\t\t\t\t\t<div class=\"elementor-container elementor-column-gap-default\">\n\t\t\t\t\t<div class=\"elementor-column elementor-col-100 elementor-top-column elementor-element elementor-element-7456024\" data-id=\"7456024\" data-element_type=\"column\">\n\t\t\t<div class=\"elementor-widget-wrap elementor-element-populated\">\n\t\t\t\t\t\t<div class=\"elementor-element elementor-element-1e8f529 elementor-widget elementor-widget-text-editor\" data-id=\"1e8f529\" data-element_type=\"widget\" data-widget_type=\"text-editor.default\">\n\t\t\t\t<div class=\"elementor-widget-container\">\n\t\t\t<style>\/*! elementor - v3.20.0 - 26-03-2024 *\/\n.elementor-widget-text-editor.elementor-drop-cap-view-stacked .elementor-drop-cap{background-color:#69727d;color:#fff}.elementor-widget-text-editor.elementor-drop-cap-view-framed .elementor-drop-cap{color:#69727d;border:3px solid;background-color:transparent}.elementor-widget-text-editor:not(.elementor-drop-cap-view-default) .elementor-drop-cap{margin-top:8px}.elementor-widget-text-editor:not(.elementor-drop-cap-view-default) .elementor-drop-cap-letter{width:1em;height:1em}.elementor-widget-text-editor .elementor-drop-cap{float:left;text-align:center;line-height:1;font-size:50px}.elementor-widget-text-editor .elementor-drop-cap-letter{display:inline-block}<\/style>\t\t\t\t<p><span style=\"font-weight: 400;\">A Dami\u00e3o e Cia fundamenta seu trabalho na pesquisa e na realiza\u00e7\u00e3o de um teatro de conven\u00e7\u00e3o com foco na comunica\u00e7\u00e3o com o p\u00fablico, por meio do reconhecimento, valoriza\u00e7\u00e3o e recria\u00e7\u00e3o das v\u00e1rias formas do teatro popular.\u00a0<\/span><\/p><p><span style=\"font-weight: 400;\">O grupo foi fundado em 2012 na cidade de Campinas por artistas bachar\u00e9is em Artes C\u00eanicas pela Unicamp. Ao longo de sua trajet\u00f3ria, a Cia buscou proporcionar a expans\u00e3o do universo simb\u00f3lico por meio de um teatro vivo e acess\u00edvel para o grande p\u00fablico, de modo que a experiencia\u00e7\u00e3o po\u00e9tica e coletiva constitua um importante agente de transforma\u00e7\u00e3o sociocultural, ao criar rupturas no cotidiano e possibilitar encontros e trocas.<\/span><\/p>\t\t\t\t\t\t<\/div>\n\t\t\t\t<\/div>\n\t\t\t\t\t<\/div>\n\t\t<\/div>\n\t\t\t\t\t<\/div>\n\t\t<\/section>\n\t\t\t\t<section class=\"elementor-section elementor-top-section elementor-element elementor-element-156d643 elementor-section-boxed elementor-section-height-default elementor-section-height-default\" data-id=\"156d643\" data-element_type=\"section\">\n\t\t\t\t\t\t<div class=\"elementor-container elementor-column-gap-default\">\n\t\t\t\t\t<div class=\"elementor-column elementor-col-100 elementor-top-column elementor-element elementor-element-f25f34c\" data-id=\"f25f34c\" data-element_type=\"column\">\n\t\t\t<div class=\"elementor-widget-wrap elementor-element-populated\">\n\t\t\t\t\t\t<div class=\"elementor-element elementor-element-7cfc180 elementor-widget elementor-widget-heading\" data-id=\"7cfc180\" data-element_type=\"widget\" data-widget_type=\"heading.default\">\n\t\t\t\t<div class=\"elementor-widget-container\">\n\t\t\t<style>\/*! elementor - v3.20.0 - 26-03-2024 *\/\n.elementor-heading-title{padding:0;margin:0;line-height:1}.elementor-widget-heading .elementor-heading-title[class*=elementor-size-]>a{color:inherit;font-size:inherit;line-height:inherit}.elementor-widget-heading .elementor-heading-title.elementor-size-small{font-size:15px}.elementor-widget-heading .elementor-heading-title.elementor-size-medium{font-size:19px}.elementor-widget-heading .elementor-heading-title.elementor-size-large{font-size:29px}.elementor-widget-heading .elementor-heading-title.elementor-size-xl{font-size:39px}.elementor-widget-heading .elementor-heading-title.elementor-size-xxl{font-size:59px}<\/style><h3 class=\"elementor-heading-title elementor-size-default\">Hist\u00f3rico<\/h3>\t\t<\/div>\n\t\t\t\t<\/div>\n\t\t\t\t\t<\/div>\n\t\t<\/div>\n\t\t\t\t\t<\/div>\n\t\t<\/section>\n\t\t\t\t<section class=\"elementor-section elementor-top-section elementor-element elementor-element-e41fef4 elementor-section-boxed elementor-section-height-default elementor-section-height-default\" data-id=\"e41fef4\" data-element_type=\"section\">\n\t\t\t\t\t\t<div class=\"elementor-container elementor-column-gap-default\">\n\t\t\t\t\t<div class=\"elementor-column elementor-col-100 elementor-top-column elementor-element elementor-element-7ad56a9\" data-id=\"7ad56a9\" data-element_type=\"column\">\n\t\t\t<div class=\"elementor-widget-wrap elementor-element-populated\">\n\t\t\t\t\t\t<div class=\"elementor-element elementor-element-a1ef49d elementor-widget elementor-widget-text-editor\" data-id=\"a1ef49d\" data-element_type=\"widget\" data-widget_type=\"text-editor.default\">\n\t\t\t\t<div class=\"elementor-widget-container\">\n\t\t\t\t\t\t\t<p><span style=\"font-weight: 400;\">O grupo iniciou em 2012 suas pesquisas no campo das manifesta\u00e7\u00f5es tradicionais brasileiras, entendidas como uma importante express\u00e3o da mem\u00f3ria cultural de nossa identidade. Atrav\u00e9s de seus estudos, a companhia entrou em contato com a teatralidade e a musicalidade presentes no Cavalo Marinho, no Maracatu, na Folia de Reis e no Coco.&nbsp; Estes elementos formaram a base para a cria\u00e7\u00e3o de seu primeiro espet\u00e1culo, o qual deu origem a companhia.<\/span><\/p>\n<p><span style=\"font-weight: 400;\">Desde sua funda\u00e7\u00e3o, a Dami\u00e3o e Cia fundamenta seu trabalho de cria\u00e7\u00e3o nas variadas formas do teatro popular, buscando a valoriza\u00e7\u00e3o desta tradi\u00e7\u00e3o, bem como sua recria\u00e7\u00e3o em prol do di\u00e1logo com a contemporaneidade. Assim, o grupo concentra suas&nbsp;<\/span><span style=\"letter-spacing: 0px;\">pesquisas de atua\u00e7\u00e3o em torno dos artistas populares que levaram a extremos o dom\u00ednio da arte da interpreta\u00e7\u00e3o em variadas linguagens e manifesta\u00e7\u00f5es.<\/span><span style=\"font-weight: 400;\"><br><\/span><\/p>\n<p>Ao longo de sua trajet\u00f3ria, a companhia criou espet\u00e1culos para variados espa\u00e7os c\u00eanicos, utilizando diferentes linguagens art\u00edsticas. O grupo produziu pe\u00e7as para rua e para palco, para adultos e crian\u00e7as, espet\u00e1culos c\u00f4micos e po\u00e9ticos, com e sem palavras, de circo, de m\u00e1scara, de m\u00edmica, entre outros. O elemento que unifica estes trabalhos \u00e9 a comunica\u00e7\u00e3o com o p\u00fabico, entendida como um fator imprescind\u00edvel ao possibilitar a resson\u00e2ncia de suas obras com um p\u00fablico t\u00e3o heterog\u00eaneo como o do nosso pa\u00eds.<\/p>\t\t\t\t\t\t<\/div>\n\t\t\t\t<\/div>\n\t\t\t\t\t<\/div>\n\t\t<\/div>\n\t\t\t\t\t<\/div>\n\t\t<\/section>\n\t\t\t\t<section class=\"elementor-section elementor-top-section elementor-element elementor-element-e3403a1 elementor-section-boxed elementor-section-height-default elementor-section-height-default\" data-id=\"e3403a1\" data-element_type=\"section\">\n\t\t\t\t\t\t<div class=\"elementor-container elementor-column-gap-default\">\n\t\t\t\t\t<div class=\"elementor-column elementor-col-100 elementor-top-column elementor-element elementor-element-6bae8bb\" data-id=\"6bae8bb\" data-element_type=\"column\">\n\t\t\t<div class=\"elementor-widget-wrap elementor-element-populated\">\n\t\t\t\t\t\t<div class=\"elementor-element elementor-element-a72ffc7 elementor-widget elementor-widget-spacer\" data-id=\"a72ffc7\" data-element_type=\"widget\" data-widget_type=\"spacer.default\">\n\t\t\t\t<div class=\"elementor-widget-container\">\n\t\t\t<style>\/*! elementor - v3.20.0 - 26-03-2024 *\/\n.elementor-column .elementor-spacer-inner{height:var(--spacer-size)}.e-con{--container-widget-width:100%}.e-con-inner>.elementor-widget-spacer,.e-con>.elementor-widget-spacer{width:var(--container-widget-width,var(--spacer-size));--align-self:var(--container-widget-align-self,initial);--flex-shrink:0}.e-con-inner>.elementor-widget-spacer>.elementor-widget-container,.e-con>.elementor-widget-spacer>.elementor-widget-container{height:100%;width:100%}.e-con-inner>.elementor-widget-spacer>.elementor-widget-container>.elementor-spacer,.e-con>.elementor-widget-spacer>.elementor-widget-container>.elementor-spacer{height:100%}.e-con-inner>.elementor-widget-spacer>.elementor-widget-container>.elementor-spacer>.elementor-spacer-inner,.e-con>.elementor-widget-spacer>.elementor-widget-container>.elementor-spacer>.elementor-spacer-inner{height:var(--container-widget-height,var(--spacer-size))}.e-con-inner>.elementor-widget-spacer.elementor-widget-empty,.e-con>.elementor-widget-spacer.elementor-widget-empty{position:relative;min-height:22px;min-width:22px}.e-con-inner>.elementor-widget-spacer.elementor-widget-empty .elementor-widget-empty-icon,.e-con>.elementor-widget-spacer.elementor-widget-empty .elementor-widget-empty-icon{position:absolute;top:0;bottom:0;left:0;right:0;margin:auto;padding:0;width:22px;height:22px}<\/style>\t\t<div class=\"elementor-spacer\">\n\t\t\t<div class=\"elementor-spacer-inner\"><\/div>\n\t\t<\/div>\n\t\t\t\t<\/div>\n\t\t\t\t<\/div>\n\t\t\t\t\t<\/div>\n\t\t<\/div>\n\t\t\t\t\t<\/div>\n\t\t<\/section>\n\t\t\t\t<section class=\"elementor-section elementor-top-section elementor-element elementor-element-4d1533b elementor-section-boxed elementor-section-height-default elementor-section-height-default\" data-id=\"4d1533b\" data-element_type=\"section\">\n\t\t\t\t\t\t<div class=\"elementor-container elementor-column-gap-default\">\n\t\t\t\t\t<div class=\"elementor-column elementor-col-50 elementor-top-column elementor-element elementor-element-a3949e9\" data-id=\"a3949e9\" data-element_type=\"column\">\n\t\t\t<div class=\"elementor-widget-wrap elementor-element-populated\">\n\t\t\t\t\t\t<div class=\"elementor-element elementor-element-a0a5c2a elementor-widget elementor-widget-image\" data-id=\"a0a5c2a\" data-element_type=\"widget\" data-widget_type=\"image.default\">\n\t\t\t\t<div class=\"elementor-widget-container\">\n\t\t\t\t\t\t\t\t\t\t\t\t\t<img decoding=\"async\" width=\"454\" height=\"454\" src=\"https:\/\/damiaoecia.com.br\/wp-content\/uploads\/2022\/07\/135315207_190716919402136_8911161612208970710_n.jpg\" class=\"attachment-large size-large wp-image-570\" alt=\"\" srcset=\"https:\/\/damiaoecia.com.br\/wp-content\/uploads\/2022\/07\/135315207_190716919402136_8911161612208970710_n.jpg 454w, https:\/\/damiaoecia.com.br\/wp-content\/uploads\/2022\/07\/135315207_190716919402136_8911161612208970710_n-300x300.jpg 300w, https:\/\/damiaoecia.com.br\/wp-content\/uploads\/2022\/07\/135315207_190716919402136_8911161612208970710_n-150x150.jpg 150w, https:\/\/damiaoecia.com.br\/wp-content\/uploads\/2022\/07\/135315207_190716919402136_8911161612208970710_n-75x75.jpg 75w\" sizes=\"(max-width: 454px) 100vw, 454px\" \/>\t\t\t\t\t\t\t\t\t\t\t\t\t<\/div>\n\t\t\t\t<\/div>\n\t\t\t\t\t<\/div>\n\t\t<\/div>\n\t\t\t\t<div class=\"elementor-column elementor-col-50 elementor-top-column elementor-element elementor-element-7dacef2\" data-id=\"7dacef2\" data-element_type=\"column\">\n\t\t\t<div class=\"elementor-widget-wrap elementor-element-populated\">\n\t\t\t\t\t\t<div class=\"elementor-element elementor-element-beebaeb elementor-widget elementor-widget-text-editor\" data-id=\"beebaeb\" data-element_type=\"widget\" data-widget_type=\"text-editor.default\">\n\t\t\t\t<div class=\"elementor-widget-container\">\n\t\t\t\t\t\t\t<h5><strong>Mario Santana <\/strong><\/h5><h6>(<em>Em mem\u00f3ria do amigo e diretor<\/em>)\u00a0<\/h6><p><i><span style=\"font-weight: 400;\">&#8220;Hoje tem espet\u00e1culo? Tem, sim senhor. Hoje tem presepada? Tem, sim senhor.<\/span><\/i><\/p><p><span style=\"font-weight: 400;\">Somos a Dami\u00e3o e Cia de Teatro. Somos um bando de presepeiros. Afinal, quase tudo \u00e9 uma festa irrespons\u00e1vel nesse mundocurral de tolos. No rid\u00edculo espet\u00e1culo da vida, somos mais rid\u00edculos ainda.<\/span><\/p><p><span style=\"font-weight: 400;\">Por isso, se encoste mais um pouquinho, a pra\u00e7a \u00e9 de todos, todos podem se aconchegar, o teatro t\u00e1 na rua e j\u00e1 vai come\u00e7ar. Divirtam-se com a gente!&#8221;<\/span><\/p>\t\t\t\t\t\t<\/div>\n\t\t\t\t<\/div>\n\t\t\t\t\t<\/div>\n\t\t<\/div>\n\t\t\t\t\t<\/div>\n\t\t<\/section>\n\t\t\t\t<\/div>\n\t\t","protected":false},"excerpt":{"rendered":"<p>A Dami\u00e3o e Cia fundamenta seu trabalho na pesquisa e na realiza\u00e7\u00e3o de um teatro de conven\u00e7\u00e3o com foco na comunica\u00e7\u00e3o com o p\u00fablico, por meio do reconhecimento, valoriza\u00e7\u00e3o e recria\u00e7\u00e3o das v\u00e1rias formas do teatro popular.\u00a0 O grupo foi fundado em 2012 na cidade de Campinas por artistas bachar\u00e9is em Artes C\u00eanicas pela Unicamp. Ao longo de sua trajet\u00f3ria, a Cia buscou proporcionar a expans\u00e3o do universo simb\u00f3lico por meio de um teatro vivo e acess\u00edvel para o grande p\u00fablico, de modo que a experiencia\u00e7\u00e3o po\u00e9tica e coletiva constitua um importante agente de transforma\u00e7\u00e3o sociocultural, ao criar rupturas no cotidiano e possibilitar encontros e trocas. Hist\u00f3rico O grupo iniciou em 2012 suas pesquisas no campo das manifesta\u00e7\u00f5es tradicionais brasileiras, entendidas como uma importante express\u00e3o da mem\u00f3ria cultural de nossa identidade. Atrav\u00e9s de seus estudos, a companhia entrou em contato com a teatralidade e a musicalidade presentes no Cavalo Marinho, no Maracatu, na Folia de Reis e no Coco.&nbsp; Estes elementos formaram a base para a cria\u00e7\u00e3o de seu primeiro espet\u00e1culo, o qual deu origem a companhia. Desde sua funda\u00e7\u00e3o, a Dami\u00e3o e Cia fundamenta seu trabalho de cria\u00e7\u00e3o nas variadas formas do teatro popular, buscando a valoriza\u00e7\u00e3o desta tradi\u00e7\u00e3o, bem como sua recria\u00e7\u00e3o em prol do di\u00e1logo com a contemporaneidade. Assim, o grupo concentra suas&nbsp;pesquisas de atua\u00e7\u00e3o em torno dos artistas populares que levaram a extremos o dom\u00ednio da arte da interpreta\u00e7\u00e3o em variadas linguagens e manifesta\u00e7\u00f5es. Ao longo de sua trajet\u00f3ria, a companhia criou espet\u00e1culos para variados espa\u00e7os c\u00eanicos, utilizando diferentes linguagens art\u00edsticas. O grupo produziu pe\u00e7as para rua e para palco, para adultos e crian\u00e7as, espet\u00e1culos c\u00f4micos e po\u00e9ticos, com e sem palavras, de circo, de m\u00e1scara, de m\u00edmica, entre outros. O elemento que unifica estes trabalhos \u00e9 a comunica\u00e7\u00e3o com o p\u00fabico, entendida como um fator imprescind\u00edvel ao possibilitar a resson\u00e2ncia de suas obras com um p\u00fablico t\u00e3o heterog\u00eaneo como o do nosso pa\u00eds. Mario Santana (Em mem\u00f3ria do amigo e diretor)\u00a0 &#8220;Hoje tem espet\u00e1culo? Tem, sim senhor. Hoje tem presepada? Tem, sim senhor. Somos a Dami\u00e3o e Cia de Teatro. Somos um bando de presepeiros. Afinal, quase tudo \u00e9 uma festa irrespons\u00e1vel nesse mundocurral de tolos. No rid\u00edculo espet\u00e1culo da vida, somos mais rid\u00edculos ainda. Por isso, se encoste mais um pouquinho, a pra\u00e7a \u00e9 de todos, todos podem se aconchegar, o teatro t\u00e1 na rua e j\u00e1 vai come\u00e7ar. Divirtam-se com a gente!&#8221;<\/p>\n","protected":false},"author":1,"featured_media":0,"parent":0,"menu_order":0,"comment_status":"closed","ping_status":"closed","template":"","meta":{"om_disable_all_campaigns":false,"_monsterinsights_skip_tracking":false,"_monsterinsights_sitenote_active":false,"_monsterinsights_sitenote_note":"","_monsterinsights_sitenote_category":0,"footnotes":""},"class_list":["post-334","page","type-page","status-publish","hentry"],"aioseo_notices":[],"_links":{"self":[{"href":"https:\/\/damiaoecia.com.br\/index.php?rest_route=\/wp\/v2\/pages\/334","targetHints":{"allow":["GET"]}}],"collection":[{"href":"https:\/\/damiaoecia.com.br\/index.php?rest_route=\/wp\/v2\/pages"}],"about":[{"href":"https:\/\/damiaoecia.com.br\/index.php?rest_route=\/wp\/v2\/types\/page"}],"author":[{"embeddable":true,"href":"https:\/\/damiaoecia.com.br\/index.php?rest_route=\/wp\/v2\/users\/1"}],"replies":[{"embeddable":true,"href":"https:\/\/damiaoecia.com.br\/index.php?rest_route=%2Fwp%2Fv2%2Fcomments&post=334"}],"version-history":[{"count":39,"href":"https:\/\/damiaoecia.com.br\/index.php?rest_route=\/wp\/v2\/pages\/334\/revisions"}],"predecessor-version":[{"id":748,"href":"https:\/\/damiaoecia.com.br\/index.php?rest_route=\/wp\/v2\/pages\/334\/revisions\/748"}],"wp:attachment":[{"href":"https:\/\/damiaoecia.com.br\/index.php?rest_route=%2Fwp%2Fv2%2Fmedia&parent=334"}],"curies":[{"name":"wp","href":"https:\/\/api.w.org\/{rel}","templated":true}]}}