{"id":444,"date":"2022-07-14T19:57:06","date_gmt":"2022-07-14T19:57:06","guid":{"rendered":"https:\/\/damiaoecia.com.br\/?page_id=444"},"modified":"2022-07-16T15:48:14","modified_gmt":"2022-07-16T15:48:14","slug":"as-presepadas-de-damiao","status":"publish","type":"page","link":"https:\/\/damiaoecia.com.br\/?page_id=444","title":{"rendered":"As Presepadas de Dami\u00e3o"},"content":{"rendered":"\t\t<div data-elementor-type=\"wp-page\" data-elementor-id=\"444\" class=\"elementor elementor-444\">\n\t\t\t\t\t\t<section class=\"elementor-section elementor-top-section elementor-element elementor-element-5bdd0454 elementor-section-boxed elementor-section-height-default elementor-section-height-default\" data-id=\"5bdd0454\" data-element_type=\"section\">\n\t\t\t\t\t\t<div class=\"elementor-container elementor-column-gap-default\">\n\t\t\t\t\t<div class=\"elementor-column elementor-col-100 elementor-top-column elementor-element elementor-element-28739b92\" data-id=\"28739b92\" data-element_type=\"column\">\n\t\t\t<div class=\"elementor-widget-wrap elementor-element-populated\">\n\t\t\t\t\t\t<div class=\"elementor-element elementor-element-8a19322 elementor-widget elementor-widget-text-editor\" data-id=\"8a19322\" data-element_type=\"widget\" data-widget_type=\"text-editor.default\">\n\t\t\t\t<div class=\"elementor-widget-container\">\n\t\t\t<style>\/*! elementor - v3.20.0 - 26-03-2024 *\/\n.elementor-widget-text-editor.elementor-drop-cap-view-stacked .elementor-drop-cap{background-color:#69727d;color:#fff}.elementor-widget-text-editor.elementor-drop-cap-view-framed .elementor-drop-cap{color:#69727d;border:3px solid;background-color:transparent}.elementor-widget-text-editor:not(.elementor-drop-cap-view-default) .elementor-drop-cap{margin-top:8px}.elementor-widget-text-editor:not(.elementor-drop-cap-view-default) .elementor-drop-cap-letter{width:1em;height:1em}.elementor-widget-text-editor .elementor-drop-cap{float:left;text-align:center;line-height:1;font-size:50px}.elementor-widget-text-editor .elementor-drop-cap-letter{display:inline-block}<\/style>\t\t\t\t<p><!-- wp:paragraph --><\/p>\n<h4>De como fez fortuna, venceu o Diabo e enganou a Morte com as gra\u00e7as de Jesus Cristo<\/h4>\n<p><!-- \/wp:paragraph --><\/p>\t\t\t\t\t\t<\/div>\n\t\t\t\t<\/div>\n\t\t\t\t\t<\/div>\n\t\t<\/div>\n\t\t\t\t\t<\/div>\n\t\t<\/section>\n\t\t\t\t<section class=\"elementor-section elementor-top-section elementor-element elementor-element-75fe737 elementor-section-boxed elementor-section-height-default elementor-section-height-default\" data-id=\"75fe737\" data-element_type=\"section\">\n\t\t\t\t\t\t<div class=\"elementor-container elementor-column-gap-default\">\n\t\t\t\t\t<div class=\"elementor-column elementor-col-50 elementor-top-column elementor-element elementor-element-4e43eb8\" data-id=\"4e43eb8\" data-element_type=\"column\">\n\t\t\t<div class=\"elementor-widget-wrap elementor-element-populated\">\n\t\t\t\t\t\t<div class=\"elementor-element elementor-element-07d4aef elementor-widget elementor-widget-image\" data-id=\"07d4aef\" data-element_type=\"widget\" data-widget_type=\"image.default\">\n\t\t\t\t<div class=\"elementor-widget-container\">\n\t\t\t<style>\/*! elementor - v3.20.0 - 26-03-2024 *\/\n.elementor-widget-image{text-align:center}.elementor-widget-image a{display:inline-block}.elementor-widget-image a img[src$=\".svg\"]{width:48px}.elementor-widget-image img{vertical-align:middle;display:inline-block}<\/style>\t\t\t\t\t\t\t\t\t\t<img fetchpriority=\"high\" decoding=\"async\" width=\"960\" height=\"640\" src=\"https:\/\/damiaoecia.com.br\/wp-content\/uploads\/2022\/07\/prese8.png\" class=\"attachment-large size-large wp-image-449\" alt=\"\" srcset=\"https:\/\/damiaoecia.com.br\/wp-content\/uploads\/2022\/07\/prese8.png 1000w, https:\/\/damiaoecia.com.br\/wp-content\/uploads\/2022\/07\/prese8-300x200.png 300w, https:\/\/damiaoecia.com.br\/wp-content\/uploads\/2022\/07\/prese8-768x512.png 768w\" sizes=\"(max-width: 960px) 100vw, 960px\" \/>\t\t\t\t\t\t\t\t\t\t\t\t\t<\/div>\n\t\t\t\t<\/div>\n\t\t\t\t\t<\/div>\n\t\t<\/div>\n\t\t\t\t<div class=\"elementor-column elementor-col-50 elementor-top-column elementor-element elementor-element-821ec77\" data-id=\"821ec77\" data-element_type=\"column\">\n\t\t\t<div class=\"elementor-widget-wrap elementor-element-populated\">\n\t\t\t\t\t\t<div class=\"elementor-element elementor-element-37e7872 elementor-widget elementor-widget-image\" data-id=\"37e7872\" data-element_type=\"widget\" data-widget_type=\"image.default\">\n\t\t\t\t<div class=\"elementor-widget-container\">\n\t\t\t\t\t\t\t\t\t\t\t\t\t<img decoding=\"async\" width=\"960\" height=\"640\" src=\"https:\/\/damiaoecia.com.br\/wp-content\/uploads\/2022\/07\/prese7.png\" class=\"attachment-large size-large wp-image-448\" alt=\"\" srcset=\"https:\/\/damiaoecia.com.br\/wp-content\/uploads\/2022\/07\/prese7.png 1000w, https:\/\/damiaoecia.com.br\/wp-content\/uploads\/2022\/07\/prese7-300x200.png 300w, https:\/\/damiaoecia.com.br\/wp-content\/uploads\/2022\/07\/prese7-768x512.png 768w\" sizes=\"(max-width: 960px) 100vw, 960px\" \/>\t\t\t\t\t\t\t\t\t\t\t\t\t<\/div>\n\t\t\t\t<\/div>\n\t\t\t\t\t<\/div>\n\t\t<\/div>\n\t\t\t\t\t<\/div>\n\t\t<\/section>\n\t\t\t\t<section class=\"elementor-section elementor-top-section elementor-element elementor-element-e374ccf elementor-section-boxed elementor-section-height-default elementor-section-height-default\" data-id=\"e374ccf\" data-element_type=\"section\">\n\t\t\t\t\t\t<div class=\"elementor-container elementor-column-gap-default\">\n\t\t\t\t\t<div class=\"elementor-column elementor-col-100 elementor-top-column elementor-element elementor-element-7a0b786\" data-id=\"7a0b786\" data-element_type=\"column\">\n\t\t\t<div class=\"elementor-widget-wrap elementor-element-populated\">\n\t\t\t\t\t\t<div class=\"elementor-element elementor-element-9ccbc2e elementor-widget elementor-widget-text-editor\" data-id=\"9ccbc2e\" data-element_type=\"widget\" data-widget_type=\"text-editor.default\">\n\t\t\t\t<div class=\"elementor-widget-container\">\n\t\t\t\t\t\t\t<p><span style=\"font-weight: 400;\"><strong>&#8220;As Presepadas de Dami\u00e3o \u2013 de como fez fortuna, venceu o Diabo e enganou a Morte com as gra\u00e7as de Jesus Cristo&#8221;<\/strong> <\/span><span style=\"font-weight: 400;\">narra a saga do her\u00f3i errante Dami\u00e3o, um homem pobre, amigo da vadiagem, esperto e generoso, que viu sua vida \u2013 e de toda a humanidade \u2013 transformada ap\u00f3s a visita de dois misteriosos viajantes.<\/span><\/p>\n<p><span style=\"font-weight: 400;\">A com\u00e9dia farsesca foi dirigida por Mario Santana e estreou em 2012, dando origem a companha.<br \/><br \/><\/span><span style=\"font-weight: 400;\">Nesta montagem,<\/span><span style=\"font-weight: 400;\"> algumas matrizes de express\u00f5es regionais da cultura popular brasileira foram escolhidas para a concretiza\u00e7\u00e3o do espet\u00e1culo<\/span><span style=\"font-weight: 400;\">. Assim, a Folia de Reis, o Maracatu, e o Cavalo Marinho, dentre outras, serviram como inspira\u00e7\u00e3o para a cria\u00e7\u00e3o da<\/span><span style=\"font-weight: 400;\"> dramaturgia, personagens, coreografias e m\u00fasicas.<\/span><\/p>\n<p><span style=\"font-weight: 400;\">A<\/span><span style=\"font-weight: 400;\"> linguagem c\u00eanica da pe\u00e7a incorpora ainda novas refer\u00eancias da cultura contempor\u00e2nea e dialoga direta e intensamente com cada p\u00fablico, a cada apresenta\u00e7\u00e3o.<\/span><\/p>\n<p><span style=\"font-weight: 400;\">Dessa forma, a pe\u00e7a <\/span><span style=\"font-weight: 400;\">conduz o p\u00fablico a um divertido acontecimento coletivo, alimentado pelo clima festivo das festas populares e que tem como her\u00f3i\u00a0<\/span><span style=\"font-weight: 400;\">um sujeito que, acima de tudo, quer viver.<\/span><\/p>\t\t\t\t\t\t<\/div>\n\t\t\t\t<\/div>\n\t\t\t\t\t<\/div>\n\t\t<\/div>\n\t\t\t\t\t<\/div>\n\t\t<\/section>\n\t\t\t\t<section class=\"elementor-section elementor-top-section elementor-element elementor-element-7292c01 elementor-section-boxed elementor-section-height-default elementor-section-height-default\" data-id=\"7292c01\" data-element_type=\"section\">\n\t\t\t\t\t\t<div class=\"elementor-container elementor-column-gap-default\">\n\t\t\t\t\t<div class=\"elementor-column elementor-col-50 elementor-top-column elementor-element elementor-element-81127c1\" data-id=\"81127c1\" data-element_type=\"column\">\n\t\t\t<div class=\"elementor-widget-wrap elementor-element-populated\">\n\t\t\t\t\t\t<div class=\"elementor-element elementor-element-8b95389 elementor-widget elementor-widget-image\" data-id=\"8b95389\" data-element_type=\"widget\" data-widget_type=\"image.default\">\n\t\t\t\t<div class=\"elementor-widget-container\">\n\t\t\t\t\t\t\t\t\t\t\t\t\t<img decoding=\"async\" width=\"960\" height=\"640\" src=\"https:\/\/damiaoecia.com.br\/wp-content\/uploads\/2022\/07\/prese3.png\" class=\"attachment-large size-large wp-image-447\" alt=\"\" srcset=\"https:\/\/damiaoecia.com.br\/wp-content\/uploads\/2022\/07\/prese3.png 1000w, https:\/\/damiaoecia.com.br\/wp-content\/uploads\/2022\/07\/prese3-300x200.png 300w, https:\/\/damiaoecia.com.br\/wp-content\/uploads\/2022\/07\/prese3-768x512.png 768w\" sizes=\"(max-width: 960px) 100vw, 960px\" \/>\t\t\t\t\t\t\t\t\t\t\t\t\t<\/div>\n\t\t\t\t<\/div>\n\t\t\t\t\t<\/div>\n\t\t<\/div>\n\t\t\t\t<div class=\"elementor-column elementor-col-50 elementor-top-column elementor-element elementor-element-9b0c02d\" data-id=\"9b0c02d\" data-element_type=\"column\">\n\t\t\t<div class=\"elementor-widget-wrap elementor-element-populated\">\n\t\t\t\t\t\t<div class=\"elementor-element elementor-element-1cbd494 elementor-widget elementor-widget-image\" data-id=\"1cbd494\" data-element_type=\"widget\" data-widget_type=\"image.default\">\n\t\t\t\t<div class=\"elementor-widget-container\">\n\t\t\t\t\t\t\t\t\t\t\t\t\t<img loading=\"lazy\" decoding=\"async\" width=\"960\" height=\"640\" src=\"https:\/\/damiaoecia.com.br\/wp-content\/uploads\/2022\/07\/prese4.png\" class=\"attachment-large size-large wp-image-450\" alt=\"\" srcset=\"https:\/\/damiaoecia.com.br\/wp-content\/uploads\/2022\/07\/prese4.png 1000w, https:\/\/damiaoecia.com.br\/wp-content\/uploads\/2022\/07\/prese4-300x200.png 300w, https:\/\/damiaoecia.com.br\/wp-content\/uploads\/2022\/07\/prese4-768x512.png 768w\" sizes=\"(max-width: 960px) 100vw, 960px\" \/>\t\t\t\t\t\t\t\t\t\t\t\t\t<\/div>\n\t\t\t\t<\/div>\n\t\t\t\t\t<\/div>\n\t\t<\/div>\n\t\t\t\t\t<\/div>\n\t\t<\/section>\n\t\t\t\t<section class=\"elementor-section elementor-top-section elementor-element elementor-element-419e4db elementor-section-boxed elementor-section-height-default elementor-section-height-default\" data-id=\"419e4db\" data-element_type=\"section\">\n\t\t\t\t\t\t<div class=\"elementor-container elementor-column-gap-default\">\n\t\t\t\t\t<div class=\"elementor-column elementor-col-50 elementor-top-column elementor-element elementor-element-3dcb3a8\" data-id=\"3dcb3a8\" data-element_type=\"column\">\n\t\t\t<div class=\"elementor-widget-wrap elementor-element-populated\">\n\t\t\t\t\t\t<div class=\"elementor-element elementor-element-973fab0 elementor-widget elementor-widget-text-editor\" data-id=\"973fab0\" data-element_type=\"widget\" data-widget_type=\"text-editor.default\">\n\t\t\t\t<div class=\"elementor-widget-container\">\n\t\t\t\t\t\t\t<h5><strong>Ficha t\u00e9cnica<\/strong><\/h5>\n<p><b>Dire\u00e7\u00e3o: <\/b><span style=\"font-weight: 400;\">Mario Santana<\/span><\/p>\n<p><strong>Texto e trilha sonora:<\/strong> Dami\u00e3o e Cia<\/p>\n<p><b>Figurino: <\/b><span style=\"font-weight: 400;\">Antonio Apolin\u00e1rio<\/span><\/p>\n<p><b>Elenco: <\/b><span style=\"font-weight: 400;\">Cadu Ramos, Fernanda Jannuzzelli, Lara Prado, Lucas Marcondes, Rodrigo Nasser e Virg\u00edlio Guasco<\/span><\/p>\n<p><strong>Produ\u00e7\u00e3o:<\/strong> Fernanda Nunes<\/p>\t\t\t\t\t\t<\/div>\n\t\t\t\t<\/div>\n\t\t\t\t\t<\/div>\n\t\t<\/div>\n\t\t\t\t<div class=\"elementor-column elementor-col-50 elementor-top-column elementor-element elementor-element-2a20a4a\" data-id=\"2a20a4a\" data-element_type=\"column\">\n\t\t\t<div class=\"elementor-widget-wrap elementor-element-populated\">\n\t\t\t\t\t\t<div class=\"elementor-element elementor-element-972d449 elementor-widget elementor-widget-text-editor\" data-id=\"972d449\" data-element_type=\"widget\" data-widget_type=\"text-editor.default\">\n\t\t\t\t<div class=\"elementor-widget-container\">\n\t\t\t\t\t\t\t\t\t\t\t\t\t<\/div>\n\t\t\t\t<\/div>\n\t\t\t\t\t<\/div>\n\t\t<\/div>\n\t\t\t\t\t<\/div>\n\t\t<\/section>\n\t\t\t\t<section class=\"elementor-section elementor-top-section elementor-element elementor-element-5fff1b4 elementor-section-boxed elementor-section-height-default elementor-section-height-default\" data-id=\"5fff1b4\" data-element_type=\"section\">\n\t\t\t\t\t\t<div class=\"elementor-container elementor-column-gap-default\">\n\t\t\t\t\t<div class=\"elementor-column elementor-col-100 elementor-top-column elementor-element elementor-element-cf7351d\" data-id=\"cf7351d\" data-element_type=\"column\">\n\t\t\t<div class=\"elementor-widget-wrap elementor-element-populated\">\n\t\t\t\t\t\t<div class=\"elementor-element elementor-element-c8ac329 elementor-widget elementor-widget-text-editor\" data-id=\"c8ac329\" data-element_type=\"widget\" data-widget_type=\"text-editor.default\">\n\t\t\t\t<div class=\"elementor-widget-container\">\n\t\t\t\t\t\t\t<h5><strong>Sinopse<\/strong><\/h5>\n<p>Dami\u00e3o \u00e9 um homem pobre e amigo da vadiagem que tem seu destino transformado ao abrigar dois misteriosos viajantes. Em agradecimento a sua hospitalidade, ele recebe a prenda de tr\u00eas pedidos e acaba impedindo que a Morte cumpra sua senten\u00e7a. Nesta com\u00e9dia firmada esteticamente pelas matrizes da cultura popular brasileira, a Dami\u00e3o e Cia narra a hist\u00f3ria de um anti-her\u00f3i que simboliza todos os sobreviventes de nosso pa\u00eds que, dia ap\u00f3s dia, enganam a morte \u00e0 sua pr\u00f3pria maneira.<\/p>\t\t\t\t\t\t<\/div>\n\t\t\t\t<\/div>\n\t\t\t\t\t<\/div>\n\t\t<\/div>\n\t\t\t\t\t<\/div>\n\t\t<\/section>\n\t\t\t\t<section class=\"elementor-section elementor-top-section elementor-element elementor-element-0a05a70 elementor-section-boxed elementor-section-height-default elementor-section-height-default\" data-id=\"0a05a70\" data-element_type=\"section\">\n\t\t\t\t\t\t<div class=\"elementor-container elementor-column-gap-default\">\n\t\t\t\t\t<div class=\"elementor-column elementor-col-50 elementor-top-column elementor-element elementor-element-7618576\" data-id=\"7618576\" data-element_type=\"column\">\n\t\t\t<div class=\"elementor-widget-wrap elementor-element-populated\">\n\t\t\t\t\t\t<div class=\"elementor-element elementor-element-5af52dc elementor-widget elementor-widget-image\" data-id=\"5af52dc\" data-element_type=\"widget\" data-widget_type=\"image.default\">\n\t\t\t\t<div class=\"elementor-widget-container\">\n\t\t\t\t\t\t\t\t\t\t\t\t\t<img loading=\"lazy\" decoding=\"async\" width=\"960\" height=\"640\" src=\"https:\/\/damiaoecia.com.br\/wp-content\/uploads\/2022\/07\/prese2.png\" class=\"attachment-large size-large wp-image-460\" alt=\"\" srcset=\"https:\/\/damiaoecia.com.br\/wp-content\/uploads\/2022\/07\/prese2.png 1000w, https:\/\/damiaoecia.com.br\/wp-content\/uploads\/2022\/07\/prese2-300x200.png 300w, https:\/\/damiaoecia.com.br\/wp-content\/uploads\/2022\/07\/prese2-768x512.png 768w\" sizes=\"(max-width: 960px) 100vw, 960px\" \/>\t\t\t\t\t\t\t\t\t\t\t\t\t<\/div>\n\t\t\t\t<\/div>\n\t\t\t\t\t<\/div>\n\t\t<\/div>\n\t\t\t\t<div class=\"elementor-column elementor-col-50 elementor-top-column elementor-element elementor-element-b95bbd8\" data-id=\"b95bbd8\" data-element_type=\"column\">\n\t\t\t<div class=\"elementor-widget-wrap elementor-element-populated\">\n\t\t\t\t\t\t<div class=\"elementor-element elementor-element-b61be31 elementor-widget elementor-widget-image\" data-id=\"b61be31\" data-element_type=\"widget\" data-widget_type=\"image.default\">\n\t\t\t\t<div class=\"elementor-widget-container\">\n\t\t\t\t\t\t\t\t\t\t\t\t\t<img loading=\"lazy\" decoding=\"async\" width=\"960\" height=\"640\" src=\"https:\/\/damiaoecia.com.br\/wp-content\/uploads\/2022\/07\/prese5.png\" class=\"attachment-large size-large wp-image-461\" alt=\"\" srcset=\"https:\/\/damiaoecia.com.br\/wp-content\/uploads\/2022\/07\/prese5.png 1000w, https:\/\/damiaoecia.com.br\/wp-content\/uploads\/2022\/07\/prese5-300x200.png 300w, https:\/\/damiaoecia.com.br\/wp-content\/uploads\/2022\/07\/prese5-768x512.png 768w\" sizes=\"(max-width: 960px) 100vw, 960px\" \/>\t\t\t\t\t\t\t\t\t\t\t\t\t<\/div>\n\t\t\t\t<\/div>\n\t\t\t\t\t<\/div>\n\t\t<\/div>\n\t\t\t\t\t<\/div>\n\t\t<\/section>\n\t\t\t\t<section class=\"elementor-section elementor-top-section elementor-element elementor-element-3d62a31 elementor-section-boxed elementor-section-height-default elementor-section-height-default\" data-id=\"3d62a31\" data-element_type=\"section\">\n\t\t\t\t\t\t<div class=\"elementor-container elementor-column-gap-default\">\n\t\t\t\t\t<div class=\"elementor-column elementor-col-100 elementor-top-column elementor-element elementor-element-79a8457\" data-id=\"79a8457\" data-element_type=\"column\">\n\t\t\t<div class=\"elementor-widget-wrap elementor-element-populated\">\n\t\t\t\t\t\t<div class=\"elementor-element elementor-element-9ed1e38 elementor-widget elementor-widget-text-editor\" data-id=\"9ed1e38\" data-element_type=\"widget\" data-widget_type=\"text-editor.default\">\n\t\t\t\t<div class=\"elementor-widget-container\">\n\t\t\t\t\t\t\t<pre>Fotografias: Gabriella Zanardi<\/pre>\t\t\t\t\t\t<\/div>\n\t\t\t\t<\/div>\n\t\t\t\t\t<\/div>\n\t\t<\/div>\n\t\t\t\t\t<\/div>\n\t\t<\/section>\n\t\t\t\t<\/div>\n\t\t","protected":false},"excerpt":{"rendered":"<p>De como fez fortuna, venceu o Diabo e enganou a Morte com as gra\u00e7as de Jesus Cristo &#8220;As Presepadas de Dami\u00e3o \u2013 de como fez fortuna, venceu o Diabo e enganou a Morte com as gra\u00e7as de Jesus Cristo&#8221; narra a saga do her\u00f3i errante Dami\u00e3o, um homem pobre, amigo da vadiagem, esperto e generoso, que viu sua vida \u2013 e de toda a humanidade \u2013 transformada ap\u00f3s a visita de dois misteriosos viajantes. A com\u00e9dia farsesca foi dirigida por Mario Santana e estreou em 2012, dando origem a companha. Nesta montagem, algumas matrizes de express\u00f5es regionais da cultura popular brasileira foram escolhidas para a concretiza\u00e7\u00e3o do espet\u00e1culo. Assim, a Folia de Reis, o Maracatu, e o Cavalo Marinho, dentre outras, serviram como inspira\u00e7\u00e3o para a cria\u00e7\u00e3o da dramaturgia, personagens, coreografias e m\u00fasicas. A linguagem c\u00eanica da pe\u00e7a incorpora ainda novas refer\u00eancias da cultura contempor\u00e2nea e dialoga direta e intensamente com cada p\u00fablico, a cada apresenta\u00e7\u00e3o. Dessa forma, a pe\u00e7a conduz o p\u00fablico a um divertido acontecimento coletivo, alimentado pelo clima festivo das festas populares e que tem como her\u00f3i\u00a0um sujeito que, acima de tudo, quer viver. Ficha t\u00e9cnica Dire\u00e7\u00e3o: Mario Santana Texto e trilha sonora: Dami\u00e3o e Cia Figurino: Antonio Apolin\u00e1rio Elenco: Cadu Ramos, Fernanda Jannuzzelli, Lara Prado, Lucas Marcondes, Rodrigo Nasser e Virg\u00edlio Guasco Produ\u00e7\u00e3o: Fernanda Nunes Sinopse Dami\u00e3o \u00e9 um homem pobre e amigo da vadiagem que tem seu destino transformado ao abrigar dois misteriosos viajantes. Em agradecimento a sua hospitalidade, ele recebe a prenda de tr\u00eas pedidos e acaba impedindo que a Morte cumpra sua senten\u00e7a. Nesta com\u00e9dia firmada esteticamente pelas matrizes da cultura popular brasileira, a Dami\u00e3o e Cia narra a hist\u00f3ria de um anti-her\u00f3i que simboliza todos os sobreviventes de nosso pa\u00eds que, dia ap\u00f3s dia, enganam a morte \u00e0 sua pr\u00f3pria maneira. Fotografias: Gabriella Zanardi<\/p>\n","protected":false},"author":1,"featured_media":0,"parent":0,"menu_order":0,"comment_status":"closed","ping_status":"closed","template":"","meta":{"om_disable_all_campaigns":false,"_monsterinsights_skip_tracking":false,"_monsterinsights_sitenote_active":false,"_monsterinsights_sitenote_note":"","_monsterinsights_sitenote_category":0,"footnotes":""},"class_list":["post-444","page","type-page","status-publish","hentry"],"aioseo_notices":[],"_links":{"self":[{"href":"https:\/\/damiaoecia.com.br\/index.php?rest_route=\/wp\/v2\/pages\/444","targetHints":{"allow":["GET"]}}],"collection":[{"href":"https:\/\/damiaoecia.com.br\/index.php?rest_route=\/wp\/v2\/pages"}],"about":[{"href":"https:\/\/damiaoecia.com.br\/index.php?rest_route=\/wp\/v2\/types\/page"}],"author":[{"embeddable":true,"href":"https:\/\/damiaoecia.com.br\/index.php?rest_route=\/wp\/v2\/users\/1"}],"replies":[{"embeddable":true,"href":"https:\/\/damiaoecia.com.br\/index.php?rest_route=%2Fwp%2Fv2%2Fcomments&post=444"}],"version-history":[{"count":16,"href":"https:\/\/damiaoecia.com.br\/index.php?rest_route=\/wp\/v2\/pages\/444\/revisions"}],"predecessor-version":[{"id":754,"href":"https:\/\/damiaoecia.com.br\/index.php?rest_route=\/wp\/v2\/pages\/444\/revisions\/754"}],"wp:attachment":[{"href":"https:\/\/damiaoecia.com.br\/index.php?rest_route=%2Fwp%2Fv2%2Fmedia&parent=444"}],"curies":[{"name":"wp","href":"https:\/\/api.w.org\/{rel}","templated":true}]}}