{"id":524,"date":"2022-07-14T20:51:20","date_gmt":"2022-07-14T20:51:20","guid":{"rendered":"https:\/\/damiaoecia.com.br\/?page_id=524"},"modified":"2024-01-31T19:16:16","modified_gmt":"2024-01-31T19:16:16","slug":"atencao-respeitavel-publico","status":"publish","type":"page","link":"https:\/\/damiaoecia.com.br\/?page_id=524","title":{"rendered":"Aten\u00e7\u00e3o, Respeit\u00e1vel P\u00fablico!"},"content":{"rendered":"\t\t<div data-elementor-type=\"wp-page\" data-elementor-id=\"524\" class=\"elementor elementor-524\">\n\t\t\t\t\t\t<section class=\"elementor-section elementor-top-section elementor-element elementor-element-3a932dd elementor-section-boxed elementor-section-height-default elementor-section-height-default\" data-id=\"3a932dd\" data-element_type=\"section\">\n\t\t\t\t\t\t<div class=\"elementor-container elementor-column-gap-default\">\n\t\t\t\t\t<div class=\"elementor-column elementor-col-100 elementor-top-column elementor-element elementor-element-74195b0\" data-id=\"74195b0\" data-element_type=\"column\">\n\t\t\t<div class=\"elementor-widget-wrap elementor-element-populated\">\n\t\t\t\t\t\t<div class=\"elementor-element elementor-element-c4225f0 elementor-widget elementor-widget-text-editor\" data-id=\"c4225f0\" data-element_type=\"widget\" data-widget_type=\"text-editor.default\">\n\t\t\t\t<div class=\"elementor-widget-container\">\n\t\t\t<style>\/*! elementor - v3.20.0 - 26-03-2024 *\/\n.elementor-widget-text-editor.elementor-drop-cap-view-stacked .elementor-drop-cap{background-color:#69727d;color:#fff}.elementor-widget-text-editor.elementor-drop-cap-view-framed .elementor-drop-cap{color:#69727d;border:3px solid;background-color:transparent}.elementor-widget-text-editor:not(.elementor-drop-cap-view-default) .elementor-drop-cap{margin-top:8px}.elementor-widget-text-editor:not(.elementor-drop-cap-view-default) .elementor-drop-cap-letter{width:1em;height:1em}.elementor-widget-text-editor .elementor-drop-cap{float:left;text-align:center;line-height:1;font-size:50px}.elementor-widget-text-editor .elementor-drop-cap-letter{display:inline-block}<\/style>\t\t\t\t\t\t\t\t\t\t<\/div>\n\t\t\t\t<\/div>\n\t\t\t\t\t<\/div>\n\t\t<\/div>\n\t\t\t\t\t<\/div>\n\t\t<\/section>\n\t\t\t\t<section class=\"elementor-section elementor-top-section elementor-element elementor-element-7139f50 elementor-section-boxed elementor-section-height-default elementor-section-height-default\" data-id=\"7139f50\" data-element_type=\"section\">\n\t\t\t\t\t\t<div class=\"elementor-container elementor-column-gap-default\">\n\t\t\t\t\t<div class=\"elementor-column elementor-col-50 elementor-top-column elementor-element elementor-element-3c0b247\" data-id=\"3c0b247\" data-element_type=\"column\">\n\t\t\t<div class=\"elementor-widget-wrap elementor-element-populated\">\n\t\t\t\t\t\t<div class=\"elementor-element elementor-element-17a8d4a elementor-widget elementor-widget-image\" data-id=\"17a8d4a\" data-element_type=\"widget\" data-widget_type=\"image.default\">\n\t\t\t\t<div class=\"elementor-widget-container\">\n\t\t\t<style>\/*! elementor - v3.20.0 - 26-03-2024 *\/\n.elementor-widget-image{text-align:center}.elementor-widget-image a{display:inline-block}.elementor-widget-image a img[src$=\".svg\"]{width:48px}.elementor-widget-image img{vertical-align:middle;display:inline-block}<\/style>\t\t\t\t\t\t\t\t\t\t<img fetchpriority=\"high\" decoding=\"async\" width=\"960\" height=\"640\" src=\"https:\/\/damiaoecia.com.br\/wp-content\/uploads\/2022\/07\/atencao3.png\" class=\"attachment-large size-large wp-image-672\" alt=\"\" srcset=\"https:\/\/damiaoecia.com.br\/wp-content\/uploads\/2022\/07\/atencao3.png 1000w, https:\/\/damiaoecia.com.br\/wp-content\/uploads\/2022\/07\/atencao3-300x200.png 300w, https:\/\/damiaoecia.com.br\/wp-content\/uploads\/2022\/07\/atencao3-768x512.png 768w\" sizes=\"(max-width: 960px) 100vw, 960px\" \/>\t\t\t\t\t\t\t\t\t\t\t\t\t<\/div>\n\t\t\t\t<\/div>\n\t\t\t\t\t<\/div>\n\t\t<\/div>\n\t\t\t\t<div class=\"elementor-column elementor-col-50 elementor-top-column elementor-element elementor-element-d68f333\" data-id=\"d68f333\" data-element_type=\"column\">\n\t\t\t<div class=\"elementor-widget-wrap elementor-element-populated\">\n\t\t\t\t\t\t<div class=\"elementor-element elementor-element-a555382 elementor-widget elementor-widget-image\" data-id=\"a555382\" data-element_type=\"widget\" data-widget_type=\"image.default\">\n\t\t\t\t<div class=\"elementor-widget-container\">\n\t\t\t\t\t\t\t\t\t\t\t\t\t<img decoding=\"async\" width=\"960\" height=\"640\" src=\"https:\/\/damiaoecia.com.br\/wp-content\/uploads\/2022\/07\/atencao7.png\" class=\"attachment-large size-large wp-image-680\" alt=\"\" srcset=\"https:\/\/damiaoecia.com.br\/wp-content\/uploads\/2022\/07\/atencao7.png 1000w, https:\/\/damiaoecia.com.br\/wp-content\/uploads\/2022\/07\/atencao7-300x200.png 300w, https:\/\/damiaoecia.com.br\/wp-content\/uploads\/2022\/07\/atencao7-768x512.png 768w\" sizes=\"(max-width: 960px) 100vw, 960px\" \/>\t\t\t\t\t\t\t\t\t\t\t\t\t<\/div>\n\t\t\t\t<\/div>\n\t\t\t\t\t<\/div>\n\t\t<\/div>\n\t\t\t\t\t<\/div>\n\t\t<\/section>\n\t\t\t\t<section class=\"elementor-section elementor-top-section elementor-element elementor-element-2573245 elementor-section-boxed elementor-section-height-default elementor-section-height-default\" data-id=\"2573245\" data-element_type=\"section\">\n\t\t\t\t\t\t<div class=\"elementor-container elementor-column-gap-default\">\n\t\t\t\t\t<div class=\"elementor-column elementor-col-100 elementor-top-column elementor-element elementor-element-5b08145\" data-id=\"5b08145\" data-element_type=\"column\">\n\t\t\t<div class=\"elementor-widget-wrap elementor-element-populated\">\n\t\t\t\t\t\t<div class=\"elementor-element elementor-element-27c7c23 elementor-widget elementor-widget-text-editor\" data-id=\"27c7c23\" data-element_type=\"widget\" data-widget_type=\"text-editor.default\">\n\t\t\t\t<div class=\"elementor-widget-container\">\n\t\t\t\t\t\t\t<p><span style=\"font-weight: 400;\">A refer\u00eancia fundamental do trabalho do espet\u00e1culo \u00e9 o palha\u00e7o de circo e o resgate das figuras tradicionais que comp\u00f5em a cl\u00e1ssica dupla c\u00f4mica circense, os palha\u00e7os Branco e Augusto.\u00a0<\/span><\/p><p><span style=\"font-weight: 400;\">A pe\u00e7a atualiza e recria essa tradi\u00e7\u00e3o por meio da presen\u00e7a de palha\u00e7as-mulheres e pela transposi\u00e7\u00e3o dos n\u00fameros para os dias atuais. Assim, o discurso c\u00eanico afirma a pot\u00eancia contida no humor da palha\u00e7aria feminina, em uma linguagem que em um passado recente foi majoritariamente dominada por palha\u00e7os-homens e demonstra a grande for\u00e7a e atualidade dessa tradi\u00e7\u00e3o brasileira.<\/span><\/p><p><span style=\"font-weight: 400;\">Composto por esquetes, o espet\u00e1culo configura-se como uma representa\u00e7\u00e3o extremamente vers\u00e1til, sendo poss\u00edvel ser encenado em diversos tipos de espa\u00e7os e tendo como p\u00fablico-alvo espectadores de todas as idades e perfis socioecon\u00f4micos.<\/span><\/p>\t\t\t\t\t\t<\/div>\n\t\t\t\t<\/div>\n\t\t\t\t\t<\/div>\n\t\t<\/div>\n\t\t\t\t\t<\/div>\n\t\t<\/section>\n\t\t\t\t<section class=\"elementor-section elementor-top-section elementor-element elementor-element-413d1cd elementor-section-boxed elementor-section-height-default elementor-section-height-default\" data-id=\"413d1cd\" data-element_type=\"section\">\n\t\t\t\t\t\t<div class=\"elementor-container elementor-column-gap-default\">\n\t\t\t\t\t<div class=\"elementor-column elementor-col-50 elementor-top-column elementor-element elementor-element-d74aa13\" data-id=\"d74aa13\" data-element_type=\"column\">\n\t\t\t<div class=\"elementor-widget-wrap elementor-element-populated\">\n\t\t\t\t\t\t<div class=\"elementor-element elementor-element-4bb4125 elementor-widget elementor-widget-image\" data-id=\"4bb4125\" data-element_type=\"widget\" data-widget_type=\"image.default\">\n\t\t\t\t<div class=\"elementor-widget-container\">\n\t\t\t\t\t\t\t\t\t\t\t\t\t<img decoding=\"async\" width=\"960\" height=\"640\" src=\"https:\/\/damiaoecia.com.br\/wp-content\/uploads\/2022\/07\/atencao10.png\" class=\"attachment-large size-large wp-image-683\" alt=\"\" srcset=\"https:\/\/damiaoecia.com.br\/wp-content\/uploads\/2022\/07\/atencao10.png 1000w, https:\/\/damiaoecia.com.br\/wp-content\/uploads\/2022\/07\/atencao10-300x200.png 300w, https:\/\/damiaoecia.com.br\/wp-content\/uploads\/2022\/07\/atencao10-768x512.png 768w\" sizes=\"(max-width: 960px) 100vw, 960px\" \/>\t\t\t\t\t\t\t\t\t\t\t\t\t<\/div>\n\t\t\t\t<\/div>\n\t\t\t\t\t<\/div>\n\t\t<\/div>\n\t\t\t\t<div class=\"elementor-column elementor-col-50 elementor-top-column elementor-element elementor-element-20c6c96\" data-id=\"20c6c96\" data-element_type=\"column\">\n\t\t\t<div class=\"elementor-widget-wrap elementor-element-populated\">\n\t\t\t\t\t\t<div class=\"elementor-element elementor-element-e1b62fa elementor-widget elementor-widget-image\" data-id=\"e1b62fa\" data-element_type=\"widget\" data-widget_type=\"image.default\">\n\t\t\t\t<div class=\"elementor-widget-container\">\n\t\t\t\t\t\t\t\t\t\t\t\t\t<img loading=\"lazy\" decoding=\"async\" width=\"960\" height=\"640\" src=\"https:\/\/damiaoecia.com.br\/wp-content\/uploads\/2022\/07\/atencao8.png\" class=\"attachment-large size-large wp-image-681\" alt=\"\" srcset=\"https:\/\/damiaoecia.com.br\/wp-content\/uploads\/2022\/07\/atencao8.png 1000w, https:\/\/damiaoecia.com.br\/wp-content\/uploads\/2022\/07\/atencao8-300x200.png 300w, https:\/\/damiaoecia.com.br\/wp-content\/uploads\/2022\/07\/atencao8-768x512.png 768w\" sizes=\"(max-width: 960px) 100vw, 960px\" \/>\t\t\t\t\t\t\t\t\t\t\t\t\t<\/div>\n\t\t\t\t<\/div>\n\t\t\t\t\t<\/div>\n\t\t<\/div>\n\t\t\t\t\t<\/div>\n\t\t<\/section>\n\t\t\t\t<section class=\"elementor-section elementor-top-section elementor-element elementor-element-2f12ddc elementor-section-boxed elementor-section-height-default elementor-section-height-default\" data-id=\"2f12ddc\" data-element_type=\"section\">\n\t\t\t\t\t\t<div class=\"elementor-container elementor-column-gap-default\">\n\t\t\t\t\t<div class=\"elementor-column elementor-col-100 elementor-top-column elementor-element elementor-element-c359733\" data-id=\"c359733\" data-element_type=\"column\">\n\t\t\t<div class=\"elementor-widget-wrap elementor-element-populated\">\n\t\t\t\t\t\t<div class=\"elementor-element elementor-element-3e5fd11 elementor-widget elementor-widget-text-editor\" data-id=\"3e5fd11\" data-element_type=\"widget\" data-widget_type=\"text-editor.default\">\n\t\t\t\t<div class=\"elementor-widget-container\">\n\t\t\t\t\t\t\t<h6><b>Ficha T\u00e9cnica<\/b><\/h6><p><b>Elenco:\u00a0<\/b><span style=\"font-weight: 400;\">Fernanda Jannuzzelli e Lara Prado<\/span><\/p><p><b>Concep\u00e7\u00e3o:\u00a0<\/b><span style=\"font-weight: 400;\">Fernanda Jannuzzelli e Aline Olmos<\/span><\/p><p><b>Dire\u00e7\u00e3o:\u00a0<\/b><span style=\"font-weight: 400;\">Pereira Fran\u00e7a Neto &#8211; Palha\u00e7o Tubinho<\/span><\/p><p><b>Trilha sonora: <\/b><span style=\"font-weight: 400;\">Arturo Cussen &#8211; Circo da Silva<\/span><\/p><p><b>Ilumina\u00e7\u00e3o:\u00a0<\/b><span style=\"font-weight: 400;\">Karen Mezza<\/span><\/p><p><b>Cenografia:\u00a0<\/b><span style=\"font-weight: 400;\">Cl\u00e1udio Saltini<\/span><\/p><p><b>Figurinos:\u00a0<\/b><span style=\"font-weight: 400;\">Aline Olmos, Fernanda Jannuzzelli e Lara Prado<\/span><\/p><p><b>Confec\u00e7\u00e3o de figurinos:\u00a0<\/b><span style=\"font-weight: 400;\">Dalvina Rodrigues e Graciete Mary dos Santos<\/span><\/p><p><span style=\"font-weight: 400;\"><strong>Produ\u00e7\u00e3o:<\/strong> Fernanda Nunes<\/span><\/p><h6><b>Sinopse<\/b><\/h6><p><span style=\"font-weight: 400;\">As palha\u00e7as Brigite Marg\u00f4 e\u00a0Beg\u00f4nia\u00a0apresentam ao seu respeit\u00e1vel p\u00fablico esquetes c\u00f4micas baseadas na tradi\u00e7\u00e3o brasileira circense de picadeiro. A consagrada dupla c\u00f4mica \u201cBranco e Augusto\u201d serve como ponto de partida para as rela\u00e7\u00f5es criadas entre as duas que, em meio a muitas confus\u00f5es e trapalhadas, divertem e encantam espectadores de todas as idades.<\/span><\/p><p><strong>Dura\u00e7\u00e3o:<\/strong> 45 minutos<br \/><strong>Classifica\u00e7\u00e3o indicativa:<\/strong> livre<br \/><strong>Formato:<\/strong> espa\u00e7o alternativo, rua, palco<\/p>\t\t\t\t\t\t<\/div>\n\t\t\t\t<\/div>\n\t\t\t\t\t<\/div>\n\t\t<\/div>\n\t\t\t\t\t<\/div>\n\t\t<\/section>\n\t\t\t\t<section class=\"elementor-section elementor-top-section elementor-element elementor-element-6f1af55 elementor-section-boxed elementor-section-height-default elementor-section-height-default\" data-id=\"6f1af55\" data-element_type=\"section\">\n\t\t\t\t\t\t<div class=\"elementor-container elementor-column-gap-default\">\n\t\t\t\t\t<div class=\"elementor-column elementor-col-50 elementor-top-column elementor-element elementor-element-2b6ff64\" data-id=\"2b6ff64\" data-element_type=\"column\">\n\t\t\t<div class=\"elementor-widget-wrap elementor-element-populated\">\n\t\t\t\t\t\t<div class=\"elementor-element elementor-element-89adaaf elementor-widget elementor-widget-image\" data-id=\"89adaaf\" data-element_type=\"widget\" data-widget_type=\"image.default\">\n\t\t\t\t<div class=\"elementor-widget-container\">\n\t\t\t\t\t\t\t\t\t\t\t\t\t<img loading=\"lazy\" decoding=\"async\" width=\"960\" height=\"640\" src=\"https:\/\/damiaoecia.com.br\/wp-content\/uploads\/2022\/07\/atencao6.png\" class=\"attachment-large size-large wp-image-679\" alt=\"\" srcset=\"https:\/\/damiaoecia.com.br\/wp-content\/uploads\/2022\/07\/atencao6.png 1000w, https:\/\/damiaoecia.com.br\/wp-content\/uploads\/2022\/07\/atencao6-300x200.png 300w, https:\/\/damiaoecia.com.br\/wp-content\/uploads\/2022\/07\/atencao6-768x512.png 768w\" sizes=\"(max-width: 960px) 100vw, 960px\" \/>\t\t\t\t\t\t\t\t\t\t\t\t\t<\/div>\n\t\t\t\t<\/div>\n\t\t\t\t\t<\/div>\n\t\t<\/div>\n\t\t\t\t<div class=\"elementor-column elementor-col-50 elementor-top-column elementor-element elementor-element-244d90c\" data-id=\"244d90c\" data-element_type=\"column\">\n\t\t\t<div class=\"elementor-widget-wrap elementor-element-populated\">\n\t\t\t\t\t\t<div class=\"elementor-element elementor-element-b05c801 elementor-widget elementor-widget-image\" data-id=\"b05c801\" data-element_type=\"widget\" data-widget_type=\"image.default\">\n\t\t\t\t<div class=\"elementor-widget-container\">\n\t\t\t\t\t\t\t\t\t\t\t\t\t<img loading=\"lazy\" decoding=\"async\" width=\"960\" height=\"640\" src=\"https:\/\/damiaoecia.com.br\/wp-content\/uploads\/2022\/07\/atencao9.png\" class=\"attachment-large size-large wp-image-682\" alt=\"\" srcset=\"https:\/\/damiaoecia.com.br\/wp-content\/uploads\/2022\/07\/atencao9.png 1000w, https:\/\/damiaoecia.com.br\/wp-content\/uploads\/2022\/07\/atencao9-300x200.png 300w, https:\/\/damiaoecia.com.br\/wp-content\/uploads\/2022\/07\/atencao9-768x512.png 768w\" sizes=\"(max-width: 960px) 100vw, 960px\" \/>\t\t\t\t\t\t\t\t\t\t\t\t\t<\/div>\n\t\t\t\t<\/div>\n\t\t\t\t\t<\/div>\n\t\t<\/div>\n\t\t\t\t\t<\/div>\n\t\t<\/section>\n\t\t\t\t<section class=\"elementor-section elementor-top-section elementor-element elementor-element-3ff7186 elementor-section-boxed elementor-section-height-default elementor-section-height-default\" data-id=\"3ff7186\" data-element_type=\"section\">\n\t\t\t\t\t\t<div class=\"elementor-container elementor-column-gap-default\">\n\t\t\t\t\t<div class=\"elementor-column elementor-col-100 elementor-top-column elementor-element elementor-element-1ac0197\" data-id=\"1ac0197\" data-element_type=\"column\">\n\t\t\t<div class=\"elementor-widget-wrap elementor-element-populated\">\n\t\t\t\t\t\t<div class=\"elementor-element elementor-element-a57cc2d elementor-widget elementor-widget-text-editor\" data-id=\"a57cc2d\" data-element_type=\"widget\" data-widget_type=\"text-editor.default\">\n\t\t\t\t<div class=\"elementor-widget-container\">\n\t\t\t\t\t\t\t<pre>Fotografias: Gabriella Zanardi<\/pre>\t\t\t\t\t\t<\/div>\n\t\t\t\t<\/div>\n\t\t\t\t\t<\/div>\n\t\t<\/div>\n\t\t\t\t\t<\/div>\n\t\t<\/section>\n\t\t\t\t<\/div>\n\t\t","protected":false},"excerpt":{"rendered":"<p>A refer\u00eancia fundamental do trabalho do espet\u00e1culo \u00e9 o palha\u00e7o de circo e o resgate das figuras tradicionais que comp\u00f5em a cl\u00e1ssica dupla c\u00f4mica circense, os palha\u00e7os Branco e Augusto.\u00a0 A pe\u00e7a atualiza e recria essa tradi\u00e7\u00e3o por meio da presen\u00e7a de palha\u00e7as-mulheres e pela transposi\u00e7\u00e3o dos n\u00fameros para os dias atuais. Assim, o discurso c\u00eanico afirma a pot\u00eancia contida no humor da palha\u00e7aria feminina, em uma linguagem que em um passado recente foi majoritariamente dominada por palha\u00e7os-homens e demonstra a grande for\u00e7a e atualidade dessa tradi\u00e7\u00e3o brasileira. Composto por esquetes, o espet\u00e1culo configura-se como uma representa\u00e7\u00e3o extremamente vers\u00e1til, sendo poss\u00edvel ser encenado em diversos tipos de espa\u00e7os e tendo como p\u00fablico-alvo espectadores de todas as idades e perfis socioecon\u00f4micos. Ficha T\u00e9cnica Elenco:\u00a0Fernanda Jannuzzelli e Lara Prado Concep\u00e7\u00e3o:\u00a0Fernanda Jannuzzelli e Aline Olmos Dire\u00e7\u00e3o:\u00a0Pereira Fran\u00e7a Neto &#8211; Palha\u00e7o Tubinho Trilha sonora: Arturo Cussen &#8211; Circo da Silva Ilumina\u00e7\u00e3o:\u00a0Karen Mezza Cenografia:\u00a0Cl\u00e1udio Saltini Figurinos:\u00a0Aline Olmos, Fernanda Jannuzzelli e Lara Prado Confec\u00e7\u00e3o de figurinos:\u00a0Dalvina Rodrigues e Graciete Mary dos Santos Produ\u00e7\u00e3o: Fernanda Nunes Sinopse As palha\u00e7as Brigite Marg\u00f4 e\u00a0Beg\u00f4nia\u00a0apresentam ao seu respeit\u00e1vel p\u00fablico esquetes c\u00f4micas baseadas na tradi\u00e7\u00e3o brasileira circense de picadeiro. A consagrada dupla c\u00f4mica \u201cBranco e Augusto\u201d serve como ponto de partida para as rela\u00e7\u00f5es criadas entre as duas que, em meio a muitas confus\u00f5es e trapalhadas, divertem e encantam espectadores de todas as idades. Dura\u00e7\u00e3o: 45 minutosClassifica\u00e7\u00e3o indicativa: livreFormato: espa\u00e7o alternativo, rua, palco Fotografias: Gabriella Zanardi<\/p>\n","protected":false},"author":1,"featured_media":0,"parent":0,"menu_order":0,"comment_status":"closed","ping_status":"closed","template":"","meta":{"om_disable_all_campaigns":false,"_monsterinsights_skip_tracking":false,"_monsterinsights_sitenote_active":false,"_monsterinsights_sitenote_note":"","_monsterinsights_sitenote_category":0,"footnotes":""},"class_list":["post-524","page","type-page","status-publish","hentry"],"aioseo_notices":[],"_links":{"self":[{"href":"https:\/\/damiaoecia.com.br\/index.php?rest_route=\/wp\/v2\/pages\/524","targetHints":{"allow":["GET"]}}],"collection":[{"href":"https:\/\/damiaoecia.com.br\/index.php?rest_route=\/wp\/v2\/pages"}],"about":[{"href":"https:\/\/damiaoecia.com.br\/index.php?rest_route=\/wp\/v2\/types\/page"}],"author":[{"embeddable":true,"href":"https:\/\/damiaoecia.com.br\/index.php?rest_route=\/wp\/v2\/users\/1"}],"replies":[{"embeddable":true,"href":"https:\/\/damiaoecia.com.br\/index.php?rest_route=%2Fwp%2Fv2%2Fcomments&post=524"}],"version-history":[{"count":25,"href":"https:\/\/damiaoecia.com.br\/index.php?rest_route=\/wp\/v2\/pages\/524\/revisions"}],"predecessor-version":[{"id":878,"href":"https:\/\/damiaoecia.com.br\/index.php?rest_route=\/wp\/v2\/pages\/524\/revisions\/878"}],"wp:attachment":[{"href":"https:\/\/damiaoecia.com.br\/index.php?rest_route=%2Fwp%2Fv2%2Fmedia&parent=524"}],"curies":[{"name":"wp","href":"https:\/\/api.w.org\/{rel}","templated":true}]}}