{"id":529,"date":"2022-07-14T20:52:59","date_gmt":"2022-07-14T20:52:59","guid":{"rendered":"https:\/\/damiaoecia.com.br\/?page_id=529"},"modified":"2022-07-16T15:47:53","modified_gmt":"2022-07-16T15:47:53","slug":"andante","status":"publish","type":"page","link":"https:\/\/damiaoecia.com.br\/?page_id=529","title":{"rendered":"Andante"},"content":{"rendered":"\t\t<div data-elementor-type=\"wp-page\" data-elementor-id=\"529\" class=\"elementor elementor-529\">\n\t\t\t\t\t\t<section class=\"elementor-section elementor-top-section elementor-element elementor-element-eff0114 elementor-section-boxed elementor-section-height-default elementor-section-height-default\" data-id=\"eff0114\" data-element_type=\"section\">\n\t\t\t\t\t\t<div class=\"elementor-container elementor-column-gap-default\">\n\t\t\t\t\t<div class=\"elementor-column elementor-col-100 elementor-top-column elementor-element elementor-element-496d8e1\" data-id=\"496d8e1\" data-element_type=\"column\">\n\t\t\t<div class=\"elementor-widget-wrap elementor-element-populated\">\n\t\t\t\t\t\t<div class=\"elementor-element elementor-element-427cc98 elementor-widget elementor-widget-text-editor\" data-id=\"427cc98\" data-element_type=\"widget\" data-widget_type=\"text-editor.default\">\n\t\t\t\t<div class=\"elementor-widget-container\">\n\t\t\t<style>\/*! elementor - v3.20.0 - 26-03-2024 *\/\n.elementor-widget-text-editor.elementor-drop-cap-view-stacked .elementor-drop-cap{background-color:#69727d;color:#fff}.elementor-widget-text-editor.elementor-drop-cap-view-framed .elementor-drop-cap{color:#69727d;border:3px solid;background-color:transparent}.elementor-widget-text-editor:not(.elementor-drop-cap-view-default) .elementor-drop-cap{margin-top:8px}.elementor-widget-text-editor:not(.elementor-drop-cap-view-default) .elementor-drop-cap-letter{width:1em;height:1em}.elementor-widget-text-editor .elementor-drop-cap{float:left;text-align:center;line-height:1;font-size:50px}.elementor-widget-text-editor .elementor-drop-cap-letter{display:inline-block}<\/style>\t\t\t\t\t\t\t\t\t\t<\/div>\n\t\t\t\t<\/div>\n\t\t\t\t\t<\/div>\n\t\t<\/div>\n\t\t\t\t\t<\/div>\n\t\t<\/section>\n\t\t\t\t<section class=\"elementor-section elementor-top-section elementor-element elementor-element-b9eadf1 elementor-section-boxed elementor-section-height-default elementor-section-height-default\" data-id=\"b9eadf1\" data-element_type=\"section\">\n\t\t\t\t\t\t<div class=\"elementor-container elementor-column-gap-default\">\n\t\t\t\t\t<div class=\"elementor-column elementor-col-50 elementor-top-column elementor-element elementor-element-1bb00e4\" data-id=\"1bb00e4\" data-element_type=\"column\">\n\t\t\t<div class=\"elementor-widget-wrap elementor-element-populated\">\n\t\t\t\t\t\t<div class=\"elementor-element elementor-element-a2260f9 elementor-widget elementor-widget-image\" data-id=\"a2260f9\" data-element_type=\"widget\" data-widget_type=\"image.default\">\n\t\t\t\t<div class=\"elementor-widget-container\">\n\t\t\t<style>\/*! elementor - v3.20.0 - 26-03-2024 *\/\n.elementor-widget-image{text-align:center}.elementor-widget-image a{display:inline-block}.elementor-widget-image a img[src$=\".svg\"]{width:48px}.elementor-widget-image img{vertical-align:middle;display:inline-block}<\/style>\t\t\t\t\t\t\t\t\t\t<img fetchpriority=\"high\" decoding=\"async\" width=\"960\" height=\"640\" src=\"https:\/\/damiaoecia.com.br\/wp-content\/uploads\/2022\/07\/andante4.png\" class=\"attachment-large size-large wp-image-696\" alt=\"\" srcset=\"https:\/\/damiaoecia.com.br\/wp-content\/uploads\/2022\/07\/andante4.png 1000w, https:\/\/damiaoecia.com.br\/wp-content\/uploads\/2022\/07\/andante4-300x200.png 300w, https:\/\/damiaoecia.com.br\/wp-content\/uploads\/2022\/07\/andante4-768x512.png 768w\" sizes=\"(max-width: 960px) 100vw, 960px\" \/>\t\t\t\t\t\t\t\t\t\t\t\t\t<\/div>\n\t\t\t\t<\/div>\n\t\t\t\t\t<\/div>\n\t\t<\/div>\n\t\t\t\t<div class=\"elementor-column elementor-col-50 elementor-top-column elementor-element elementor-element-8710324\" data-id=\"8710324\" data-element_type=\"column\">\n\t\t\t<div class=\"elementor-widget-wrap elementor-element-populated\">\n\t\t\t\t\t\t<div class=\"elementor-element elementor-element-f018080 elementor-widget elementor-widget-image\" data-id=\"f018080\" data-element_type=\"widget\" data-widget_type=\"image.default\">\n\t\t\t\t<div class=\"elementor-widget-container\">\n\t\t\t\t\t\t\t\t\t\t\t\t\t<img decoding=\"async\" width=\"960\" height=\"640\" src=\"https:\/\/damiaoecia.com.br\/wp-content\/uploads\/2022\/07\/andante3.png\" class=\"attachment-large size-large wp-image-697\" alt=\"\" srcset=\"https:\/\/damiaoecia.com.br\/wp-content\/uploads\/2022\/07\/andante3.png 1000w, https:\/\/damiaoecia.com.br\/wp-content\/uploads\/2022\/07\/andante3-300x200.png 300w, https:\/\/damiaoecia.com.br\/wp-content\/uploads\/2022\/07\/andante3-768x512.png 768w\" sizes=\"(max-width: 960px) 100vw, 960px\" \/>\t\t\t\t\t\t\t\t\t\t\t\t\t<\/div>\n\t\t\t\t<\/div>\n\t\t\t\t\t<\/div>\n\t\t<\/div>\n\t\t\t\t\t<\/div>\n\t\t<\/section>\n\t\t\t\t<section class=\"elementor-section elementor-top-section elementor-element elementor-element-07effed elementor-section-boxed elementor-section-height-default elementor-section-height-default\" data-id=\"07effed\" data-element_type=\"section\">\n\t\t\t\t\t\t<div class=\"elementor-container elementor-column-gap-default\">\n\t\t\t\t\t<div class=\"elementor-column elementor-col-100 elementor-top-column elementor-element elementor-element-229c5eb\" data-id=\"229c5eb\" data-element_type=\"column\">\n\t\t\t<div class=\"elementor-widget-wrap elementor-element-populated\">\n\t\t\t\t\t\t<div class=\"elementor-element elementor-element-623d62e elementor-widget elementor-widget-text-editor\" data-id=\"623d62e\" data-element_type=\"widget\" data-widget_type=\"text-editor.default\">\n\t\t\t\t<div class=\"elementor-widget-container\">\n\t\t\t\t\t\t\t<p><span style=\"font-weight: 400;\">\u201cAndante\u201d \u00e9 um espet\u00e1culo itinerante de m\u00e1scaras, criado originalmente pela premiada companhia de teatro espanhola Markeli\u00f1e. Em 2019, a pe\u00e7a foi montada no Brasil com patroc\u00ednio do SESC-SP, atrav\u00e9s da parceria da Cia Markeli\u00f1e, da Dami\u00e3o e Cia e da produtora Difusa Fronteira.\u00a0<\/span><\/p><p><span style=\"font-weight: 400;\">A pe\u00e7a consiste na passagem de quatro figuras &#8211; um velho, um jovem, uma mo\u00e7a e uma musicista &#8211; por cen\u00e1rios espalhados no espa\u00e7o urbano. Os cen\u00e1rios s\u00e3o formados por sapatos, areia e outros objetos, os quais transformam a rua numa paisagem art\u00edstica. S\u00e3o objetos trazidos \u00e0 rua depois de uma mar\u00e9 alta, que <\/span><span style=\"font-weight: 400;\">devolveu \u00e0 terra hist\u00f3rias que devem ser contadas.<\/span><span style=\"font-weight: 400;\"> \u00c0 medida em que transitam pelos cen\u00e1rios, o velho, o jovem e a mo\u00e7a revivem as mem\u00f3rias ali encontradas. Por fim, estas figuras recolhem os objetos, prestando suas \u00faltimas homenagens a todas as pessoas que perderam suas vidas em situa\u00e7\u00f5es terr\u00edveis que marcaram diferentes \u00e9pocas da hist\u00f3ria mundial. Assim, \u201cAndante\u201d narra de forma po\u00e9tica, <\/span><span style=\"font-weight: 400;\">sem palavras e com um cuidadoso senso de humor, hist\u00f3rias que n\u00e3o podemos esquecer.<\/span><\/p>\t\t\t\t\t\t<\/div>\n\t\t\t\t<\/div>\n\t\t\t\t\t<\/div>\n\t\t<\/div>\n\t\t\t\t\t<\/div>\n\t\t<\/section>\n\t\t\t\t<section class=\"elementor-section elementor-top-section elementor-element elementor-element-13711f4 elementor-section-boxed elementor-section-height-default elementor-section-height-default\" data-id=\"13711f4\" data-element_type=\"section\">\n\t\t\t\t\t\t<div class=\"elementor-container elementor-column-gap-default\">\n\t\t\t\t\t<div class=\"elementor-column elementor-col-50 elementor-top-column elementor-element elementor-element-31aa4ae\" data-id=\"31aa4ae\" data-element_type=\"column\">\n\t\t\t<div class=\"elementor-widget-wrap elementor-element-populated\">\n\t\t\t\t\t\t<div class=\"elementor-element elementor-element-467cc90 elementor-widget elementor-widget-image\" data-id=\"467cc90\" data-element_type=\"widget\" data-widget_type=\"image.default\">\n\t\t\t\t<div class=\"elementor-widget-container\">\n\t\t\t\t\t\t\t\t\t\t\t\t\t<img decoding=\"async\" width=\"960\" height=\"640\" src=\"https:\/\/damiaoecia.com.br\/wp-content\/uploads\/2022\/07\/andante2.png\" class=\"attachment-large size-large wp-image-702\" alt=\"\" srcset=\"https:\/\/damiaoecia.com.br\/wp-content\/uploads\/2022\/07\/andante2.png 1000w, https:\/\/damiaoecia.com.br\/wp-content\/uploads\/2022\/07\/andante2-300x200.png 300w, https:\/\/damiaoecia.com.br\/wp-content\/uploads\/2022\/07\/andante2-768x512.png 768w\" sizes=\"(max-width: 960px) 100vw, 960px\" \/>\t\t\t\t\t\t\t\t\t\t\t\t\t<\/div>\n\t\t\t\t<\/div>\n\t\t\t\t\t<\/div>\n\t\t<\/div>\n\t\t\t\t<div class=\"elementor-column elementor-col-50 elementor-top-column elementor-element elementor-element-fa3343b\" data-id=\"fa3343b\" data-element_type=\"column\">\n\t\t\t<div class=\"elementor-widget-wrap elementor-element-populated\">\n\t\t\t\t\t\t<div class=\"elementor-element elementor-element-11ba122 elementor-widget elementor-widget-image\" data-id=\"11ba122\" data-element_type=\"widget\" data-widget_type=\"image.default\">\n\t\t\t\t<div class=\"elementor-widget-container\">\n\t\t\t\t\t\t\t\t\t\t\t\t\t<img loading=\"lazy\" decoding=\"async\" width=\"960\" height=\"640\" src=\"https:\/\/damiaoecia.com.br\/wp-content\/uploads\/2022\/07\/andante7.png\" class=\"attachment-large size-large wp-image-704\" alt=\"\" srcset=\"https:\/\/damiaoecia.com.br\/wp-content\/uploads\/2022\/07\/andante7.png 1000w, https:\/\/damiaoecia.com.br\/wp-content\/uploads\/2022\/07\/andante7-300x200.png 300w, https:\/\/damiaoecia.com.br\/wp-content\/uploads\/2022\/07\/andante7-768x512.png 768w\" sizes=\"(max-width: 960px) 100vw, 960px\" \/>\t\t\t\t\t\t\t\t\t\t\t\t\t<\/div>\n\t\t\t\t<\/div>\n\t\t\t\t\t<\/div>\n\t\t<\/div>\n\t\t\t\t\t<\/div>\n\t\t<\/section>\n\t\t\t\t<section class=\"elementor-section elementor-top-section elementor-element elementor-element-c42a1bf elementor-section-boxed elementor-section-height-default elementor-section-height-default\" data-id=\"c42a1bf\" data-element_type=\"section\">\n\t\t\t\t\t\t<div class=\"elementor-container elementor-column-gap-default\">\n\t\t\t\t\t<div class=\"elementor-column elementor-col-100 elementor-top-column elementor-element elementor-element-2333b9b\" data-id=\"2333b9b\" data-element_type=\"column\">\n\t\t\t<div class=\"elementor-widget-wrap elementor-element-populated\">\n\t\t\t\t\t\t<div class=\"elementor-element elementor-element-15529f5 elementor-widget elementor-widget-text-editor\" data-id=\"15529f5\" data-element_type=\"widget\" data-widget_type=\"text-editor.default\">\n\t\t\t\t<div class=\"elementor-widget-container\">\n\t\t\t\t\t\t\t<h6><strong>Ficha t\u00e9cnica<\/strong><\/h6><p><span style=\"font-weight: 400;\"><strong>Cria\u00e7\u00e3o:<\/strong> Cia Markeli\u00f1e (Espanha)<\/span><\/p><p><span style=\"font-weight: 400;\"><strong>Atua\u00e7\u00e3o:<\/strong> Lara Prado, Rodrigo Nasser e Lucas Marcondes<\/span><\/p><p><span style=\"font-weight: 400;\"><strong>M\u00fasica em cena:<\/strong> Esther Alves<\/span><\/p><p><span style=\"font-weight: 400;\"><strong>Opera\u00e7\u00e3o de Som:<\/strong> Mauricio Caetano<\/span><\/p><p><span style=\"font-weight: 400;\"><strong>Figurinos e Cenografia:<\/strong> Atelier Modestamente Revolucion\u00e1rio<\/span><\/p><p><span style=\"font-weight: 400;\"><strong>Cenot\u00e9cnica:<\/strong> Cl\u00e1udio Saltini<\/span><\/p><p><span style=\"font-weight: 400;\"><strong>Dire\u00e7\u00e3o de cena:<\/strong> Jose Ram\u00f3n Martinez<\/span><\/p><p><span style=\"font-weight: 400;\"><strong>Produ\u00e7\u00e3o e distribui\u00e7\u00e3o:<\/strong> Jon Koldo V\u00e1zquez<\/span><\/p><p><span style=\"font-weight: 400;\"><strong>Produ\u00e7\u00e3o local:<\/strong> Fernanda Nunes<\/span><\/p><h6><strong>Sinopse<\/strong><\/h6><p><span style=\"font-weight: 400;\">Depois de uma mar\u00e9 alta, o mar devolveu \u00e0 terra hist\u00f3rias que devem ser contadas. Por isso, a rua surge cheia de areia e sapatos. Os passantes podem se perguntar: \u201cComo chegaram at\u00e9 aqui? De quem s\u00e3o? O que querem nos dizer?\u201d<\/span><\/p><p><span style=\"font-weight: 400;\">\u201cAndante\u201d \u00e9 um espet\u00e1culo que transita pela rua e a transforma em uma paisagem art\u00edstica. \u00c9 um teatro de m\u00e1scaras que narra, de forma po\u00e9tica, sem palavras e com um cuidadoso senso de humor, hist\u00f3rias que n\u00e3o podemos esquecer. Hist\u00f3rias de sapatos an\u00f4nimos em \u00e9pocas de guerra. Sapatos que poderiam ser os nossos.<\/span><\/p>\t\t\t\t\t\t<\/div>\n\t\t\t\t<\/div>\n\t\t\t\t\t<\/div>\n\t\t<\/div>\n\t\t\t\t\t<\/div>\n\t\t<\/section>\n\t\t\t\t<section class=\"elementor-section elementor-top-section elementor-element elementor-element-0e6e0f0 elementor-section-boxed elementor-section-height-default elementor-section-height-default\" data-id=\"0e6e0f0\" data-element_type=\"section\">\n\t\t\t\t\t\t<div class=\"elementor-container elementor-column-gap-default\">\n\t\t\t\t\t<div class=\"elementor-column elementor-col-50 elementor-top-column elementor-element elementor-element-325cc05\" data-id=\"325cc05\" data-element_type=\"column\">\n\t\t\t<div class=\"elementor-widget-wrap elementor-element-populated\">\n\t\t\t\t\t\t<div class=\"elementor-element elementor-element-45d147f elementor-widget elementor-widget-image\" data-id=\"45d147f\" data-element_type=\"widget\" data-widget_type=\"image.default\">\n\t\t\t\t<div class=\"elementor-widget-container\">\n\t\t\t\t\t\t\t\t\t\t\t\t\t<img loading=\"lazy\" decoding=\"async\" width=\"960\" height=\"640\" src=\"https:\/\/damiaoecia.com.br\/wp-content\/uploads\/2022\/07\/andante8.png\" class=\"attachment-large size-large wp-image-705\" alt=\"\" srcset=\"https:\/\/damiaoecia.com.br\/wp-content\/uploads\/2022\/07\/andante8.png 1000w, https:\/\/damiaoecia.com.br\/wp-content\/uploads\/2022\/07\/andante8-300x200.png 300w, https:\/\/damiaoecia.com.br\/wp-content\/uploads\/2022\/07\/andante8-768x512.png 768w\" sizes=\"(max-width: 960px) 100vw, 960px\" \/>\t\t\t\t\t\t\t\t\t\t\t\t\t<\/div>\n\t\t\t\t<\/div>\n\t\t\t\t\t<\/div>\n\t\t<\/div>\n\t\t\t\t<div class=\"elementor-column elementor-col-50 elementor-top-column elementor-element elementor-element-7fe2168\" data-id=\"7fe2168\" data-element_type=\"column\">\n\t\t\t<div class=\"elementor-widget-wrap elementor-element-populated\">\n\t\t\t\t\t\t<div class=\"elementor-element elementor-element-5854b9a elementor-widget elementor-widget-image\" data-id=\"5854b9a\" data-element_type=\"widget\" data-widget_type=\"image.default\">\n\t\t\t\t<div class=\"elementor-widget-container\">\n\t\t\t\t\t\t\t\t\t\t\t\t\t<img loading=\"lazy\" decoding=\"async\" width=\"960\" height=\"640\" src=\"https:\/\/damiaoecia.com.br\/wp-content\/uploads\/2022\/07\/andante5.png\" class=\"attachment-large size-large wp-image-706\" alt=\"\" srcset=\"https:\/\/damiaoecia.com.br\/wp-content\/uploads\/2022\/07\/andante5.png 1000w, https:\/\/damiaoecia.com.br\/wp-content\/uploads\/2022\/07\/andante5-300x200.png 300w, https:\/\/damiaoecia.com.br\/wp-content\/uploads\/2022\/07\/andante5-768x512.png 768w\" sizes=\"(max-width: 960px) 100vw, 960px\" \/>\t\t\t\t\t\t\t\t\t\t\t\t\t<\/div>\n\t\t\t\t<\/div>\n\t\t\t\t\t<\/div>\n\t\t<\/div>\n\t\t\t\t\t<\/div>\n\t\t<\/section>\n\t\t\t\t<section class=\"elementor-section elementor-top-section elementor-element elementor-element-2cf880e elementor-section-boxed elementor-section-height-default elementor-section-height-default\" data-id=\"2cf880e\" data-element_type=\"section\">\n\t\t\t\t\t\t<div class=\"elementor-container elementor-column-gap-default\">\n\t\t\t\t\t<div class=\"elementor-column elementor-col-100 elementor-top-column elementor-element elementor-element-34cc11d\" data-id=\"34cc11d\" data-element_type=\"column\">\n\t\t\t<div class=\"elementor-widget-wrap elementor-element-populated\">\n\t\t\t\t\t\t<div class=\"elementor-element elementor-element-67ec53c elementor-widget elementor-widget-text-editor\" data-id=\"67ec53c\" data-element_type=\"widget\" data-widget_type=\"text-editor.default\">\n\t\t\t\t<div class=\"elementor-widget-container\">\n\t\t\t\t\t\t\t<pre>Fotografias: Chico Rivers<\/pre>\t\t\t\t\t\t<\/div>\n\t\t\t\t<\/div>\n\t\t\t\t\t<\/div>\n\t\t<\/div>\n\t\t\t\t\t<\/div>\n\t\t<\/section>\n\t\t\t\t<\/div>\n\t\t","protected":false},"excerpt":{"rendered":"<p>\u201cAndante\u201d \u00e9 um espet\u00e1culo itinerante de m\u00e1scaras, criado originalmente pela premiada companhia de teatro espanhola Markeli\u00f1e. Em 2019, a pe\u00e7a foi montada no Brasil com patroc\u00ednio do SESC-SP, atrav\u00e9s da parceria da Cia Markeli\u00f1e, da Dami\u00e3o e Cia e da produtora Difusa Fronteira.\u00a0 A pe\u00e7a consiste na passagem de quatro figuras &#8211; um velho, um jovem, uma mo\u00e7a e uma musicista &#8211; por cen\u00e1rios espalhados no espa\u00e7o urbano. Os cen\u00e1rios s\u00e3o formados por sapatos, areia e outros objetos, os quais transformam a rua numa paisagem art\u00edstica. S\u00e3o objetos trazidos \u00e0 rua depois de uma mar\u00e9 alta, que devolveu \u00e0 terra hist\u00f3rias que devem ser contadas. \u00c0 medida em que transitam pelos cen\u00e1rios, o velho, o jovem e a mo\u00e7a revivem as mem\u00f3rias ali encontradas. Por fim, estas figuras recolhem os objetos, prestando suas \u00faltimas homenagens a todas as pessoas que perderam suas vidas em situa\u00e7\u00f5es terr\u00edveis que marcaram diferentes \u00e9pocas da hist\u00f3ria mundial. Assim, \u201cAndante\u201d narra de forma po\u00e9tica, sem palavras e com um cuidadoso senso de humor, hist\u00f3rias que n\u00e3o podemos esquecer. Ficha t\u00e9cnica Cria\u00e7\u00e3o: Cia Markeli\u00f1e (Espanha) Atua\u00e7\u00e3o: Lara Prado, Rodrigo Nasser e Lucas Marcondes M\u00fasica em cena: Esther Alves Opera\u00e7\u00e3o de Som: Mauricio Caetano Figurinos e Cenografia: Atelier Modestamente Revolucion\u00e1rio Cenot\u00e9cnica: Cl\u00e1udio Saltini Dire\u00e7\u00e3o de cena: Jose Ram\u00f3n Martinez Produ\u00e7\u00e3o e distribui\u00e7\u00e3o: Jon Koldo V\u00e1zquez Produ\u00e7\u00e3o local: Fernanda Nunes Sinopse Depois de uma mar\u00e9 alta, o mar devolveu \u00e0 terra hist\u00f3rias que devem ser contadas. Por isso, a rua surge cheia de areia e sapatos. Os passantes podem se perguntar: \u201cComo chegaram at\u00e9 aqui? De quem s\u00e3o? O que querem nos dizer?\u201d \u201cAndante\u201d \u00e9 um espet\u00e1culo que transita pela rua e a transforma em uma paisagem art\u00edstica. \u00c9 um teatro de m\u00e1scaras que narra, de forma po\u00e9tica, sem palavras e com um cuidadoso senso de humor, hist\u00f3rias que n\u00e3o podemos esquecer. Hist\u00f3rias de sapatos an\u00f4nimos em \u00e9pocas de guerra. Sapatos que poderiam ser os nossos. Fotografias: Chico Rivers<\/p>\n","protected":false},"author":1,"featured_media":0,"parent":0,"menu_order":0,"comment_status":"closed","ping_status":"closed","template":"","meta":{"om_disable_all_campaigns":false,"_monsterinsights_skip_tracking":false,"_monsterinsights_sitenote_active":false,"_monsterinsights_sitenote_note":"","_monsterinsights_sitenote_category":0,"footnotes":""},"class_list":["post-529","page","type-page","status-publish","hentry"],"aioseo_notices":[],"_links":{"self":[{"href":"https:\/\/damiaoecia.com.br\/index.php?rest_route=\/wp\/v2\/pages\/529","targetHints":{"allow":["GET"]}}],"collection":[{"href":"https:\/\/damiaoecia.com.br\/index.php?rest_route=\/wp\/v2\/pages"}],"about":[{"href":"https:\/\/damiaoecia.com.br\/index.php?rest_route=\/wp\/v2\/types\/page"}],"author":[{"embeddable":true,"href":"https:\/\/damiaoecia.com.br\/index.php?rest_route=\/wp\/v2\/users\/1"}],"replies":[{"embeddable":true,"href":"https:\/\/damiaoecia.com.br\/index.php?rest_route=%2Fwp%2Fv2%2Fcomments&post=529"}],"version-history":[{"count":16,"href":"https:\/\/damiaoecia.com.br\/index.php?rest_route=\/wp\/v2\/pages\/529\/revisions"}],"predecessor-version":[{"id":751,"href":"https:\/\/damiaoecia.com.br\/index.php?rest_route=\/wp\/v2\/pages\/529\/revisions\/751"}],"wp:attachment":[{"href":"https:\/\/damiaoecia.com.br\/index.php?rest_route=%2Fwp%2Fv2%2Fmedia&parent=529"}],"curies":[{"name":"wp","href":"https:\/\/api.w.org\/{rel}","templated":true}]}}