{"id":534,"date":"2022-07-14T20:54:25","date_gmt":"2022-07-14T20:54:25","guid":{"rendered":"https:\/\/damiaoecia.com.br\/?page_id=534"},"modified":"2024-01-31T19:14:12","modified_gmt":"2024-01-31T19:14:12","slug":"as-desventuras-do-capitao-rabeca","status":"publish","type":"page","link":"https:\/\/damiaoecia.com.br\/?page_id=534","title":{"rendered":"As Desventuras do Capit\u00e3o Rabeca"},"content":{"rendered":"\t\t<div data-elementor-type=\"wp-page\" data-elementor-id=\"534\" class=\"elementor elementor-534\">\n\t\t\t\t\t\t<section class=\"elementor-section elementor-top-section elementor-element elementor-element-f27d499 elementor-section-boxed elementor-section-height-default elementor-section-height-default\" data-id=\"f27d499\" data-element_type=\"section\">\n\t\t\t\t\t\t<div class=\"elementor-container elementor-column-gap-default\">\n\t\t\t\t\t<div class=\"elementor-column elementor-col-100 elementor-top-column elementor-element elementor-element-a35bea1\" data-id=\"a35bea1\" data-element_type=\"column\">\n\t\t\t<div class=\"elementor-widget-wrap elementor-element-populated\">\n\t\t\t\t\t\t<div class=\"elementor-element elementor-element-9546047 elementor-widget elementor-widget-text-editor\" data-id=\"9546047\" data-element_type=\"widget\" data-widget_type=\"text-editor.default\">\n\t\t\t\t<div class=\"elementor-widget-container\">\n\t\t\t<style>\/*! elementor - v3.20.0 - 26-03-2024 *\/\n.elementor-widget-text-editor.elementor-drop-cap-view-stacked .elementor-drop-cap{background-color:#69727d;color:#fff}.elementor-widget-text-editor.elementor-drop-cap-view-framed .elementor-drop-cap{color:#69727d;border:3px solid;background-color:transparent}.elementor-widget-text-editor:not(.elementor-drop-cap-view-default) .elementor-drop-cap{margin-top:8px}.elementor-widget-text-editor:not(.elementor-drop-cap-view-default) .elementor-drop-cap-letter{width:1em;height:1em}.elementor-widget-text-editor .elementor-drop-cap{float:left;text-align:center;line-height:1;font-size:50px}.elementor-widget-text-editor .elementor-drop-cap-letter{display:inline-block}<\/style>\t\t\t\t\t\t\t\t\t\t<\/div>\n\t\t\t\t<\/div>\n\t\t\t\t\t<\/div>\n\t\t<\/div>\n\t\t\t\t\t<\/div>\n\t\t<\/section>\n\t\t\t\t<section class=\"elementor-section elementor-top-section elementor-element elementor-element-509a86f elementor-section-boxed elementor-section-height-default elementor-section-height-default\" data-id=\"509a86f\" data-element_type=\"section\">\n\t\t\t\t\t\t<div class=\"elementor-container elementor-column-gap-default\">\n\t\t\t\t\t<div class=\"elementor-column elementor-col-50 elementor-top-column elementor-element elementor-element-51416b7\" data-id=\"51416b7\" data-element_type=\"column\">\n\t\t\t<div class=\"elementor-widget-wrap elementor-element-populated\">\n\t\t\t\t\t\t<div class=\"elementor-element elementor-element-82788ef elementor-widget elementor-widget-image\" data-id=\"82788ef\" data-element_type=\"widget\" data-widget_type=\"image.default\">\n\t\t\t\t<div class=\"elementor-widget-container\">\n\t\t\t<style>\/*! elementor - v3.20.0 - 26-03-2024 *\/\n.elementor-widget-image{text-align:center}.elementor-widget-image a{display:inline-block}.elementor-widget-image a img[src$=\".svg\"]{width:48px}.elementor-widget-image img{vertical-align:middle;display:inline-block}<\/style>\t\t\t\t\t\t\t\t\t\t<img fetchpriority=\"high\" decoding=\"async\" width=\"960\" height=\"640\" src=\"https:\/\/damiaoecia.com.br\/wp-content\/uploads\/2022\/07\/capitao4.png\" class=\"attachment-large size-large wp-image-716\" alt=\"\" srcset=\"https:\/\/damiaoecia.com.br\/wp-content\/uploads\/2022\/07\/capitao4.png 1000w, https:\/\/damiaoecia.com.br\/wp-content\/uploads\/2022\/07\/capitao4-300x200.png 300w, https:\/\/damiaoecia.com.br\/wp-content\/uploads\/2022\/07\/capitao4-768x512.png 768w\" sizes=\"(max-width: 960px) 100vw, 960px\" \/>\t\t\t\t\t\t\t\t\t\t\t\t\t<\/div>\n\t\t\t\t<\/div>\n\t\t\t\t\t<\/div>\n\t\t<\/div>\n\t\t\t\t<div class=\"elementor-column elementor-col-50 elementor-top-column elementor-element elementor-element-d453bda\" data-id=\"d453bda\" data-element_type=\"column\">\n\t\t\t<div class=\"elementor-widget-wrap elementor-element-populated\">\n\t\t\t\t\t\t<div class=\"elementor-element elementor-element-f1377ab elementor-widget elementor-widget-image\" data-id=\"f1377ab\" data-element_type=\"widget\" data-widget_type=\"image.default\">\n\t\t\t\t<div class=\"elementor-widget-container\">\n\t\t\t\t\t\t\t\t\t\t\t\t\t<img decoding=\"async\" width=\"960\" height=\"640\" src=\"https:\/\/damiaoecia.com.br\/wp-content\/uploads\/2022\/07\/capitao1.png\" class=\"attachment-large size-large wp-image-381\" alt=\"\" srcset=\"https:\/\/damiaoecia.com.br\/wp-content\/uploads\/2022\/07\/capitao1.png 1000w, https:\/\/damiaoecia.com.br\/wp-content\/uploads\/2022\/07\/capitao1-300x200.png 300w, https:\/\/damiaoecia.com.br\/wp-content\/uploads\/2022\/07\/capitao1-768x512.png 768w\" sizes=\"(max-width: 960px) 100vw, 960px\" \/>\t\t\t\t\t\t\t\t\t\t\t\t\t<\/div>\n\t\t\t\t<\/div>\n\t\t\t\t\t<\/div>\n\t\t<\/div>\n\t\t\t\t\t<\/div>\n\t\t<\/section>\n\t\t\t\t<section class=\"elementor-section elementor-top-section elementor-element elementor-element-cafa590 elementor-section-boxed elementor-section-height-default elementor-section-height-default\" data-id=\"cafa590\" data-element_type=\"section\">\n\t\t\t\t\t\t<div class=\"elementor-container elementor-column-gap-default\">\n\t\t\t\t\t<div class=\"elementor-column elementor-col-100 elementor-top-column elementor-element elementor-element-b780c00\" data-id=\"b780c00\" data-element_type=\"column\">\n\t\t\t<div class=\"elementor-widget-wrap elementor-element-populated\">\n\t\t\t\t\t\t<div class=\"elementor-element elementor-element-e67435e elementor-widget elementor-widget-text-editor\" data-id=\"e67435e\" data-element_type=\"widget\" data-widget_type=\"text-editor.default\">\n\t\t\t\t<div class=\"elementor-widget-container\">\n\t\t\t\t\t\t\t<p><span style=\"font-weight: 400;\">A pe\u00e7a apresenta a figura tragic\u00f4mica de Capit\u00e3o Rabeca, personagem que atualiza o car\u00e1ter da m\u00e1scara do \u201cCapit\u00e3o\u201d da C<\/span><i><span style=\"font-weight: 400;\">ommedia Dell\u2019arte<\/span><\/i><span style=\"font-weight: 400;\">.<\/span><\/p><p><span style=\"font-weight: 400;\">Atrav\u00e9s da constru\u00e7\u00e3o c\u00eanica de um personagem tragic\u00f4mico, rid\u00edculo e cruel, que n\u00e3o soube tomar posse de sua pr\u00f3pria vida e realizar seus mais \u00edntimos desejos, a obra busca constituir s\u00edmbolos que sintetizam as experi\u00eancias de viol\u00eancia, persegui\u00e7\u00e3o e censura que a arte viveu e vive at\u00e9 hoje, na hist\u00f3ria do mundo e do Brasil.\u00a0<\/span><\/p><p><span style=\"font-weight: 400;\">O texto, escrito em versos rimados, \u00e9 inspirado na vasta tradi\u00e7\u00e3o da poesia popular brasileira, com \u00eanfase especial nas estruturas encontradas nos versos entoados pelos cantadores nordestinos, em suas variadas modalidades.\u00a0<\/span><\/p><p><span style=\"font-weight: 400;\">A est\u00e9tica da atua\u00e7\u00e3o \u00e9 composta atrav\u00e9s das linguagens da m\u00e1scara e da m\u00edmica. Compreendendo o ator como o ve\u00edculo do acontecimento teatral, a expressividade acontece atrav\u00e9s da materialidade do corpo-voz.\u00a0<\/span><\/p><p><span style=\"font-weight: 400;\">Todos esses elementos s\u00e3o articulados em busca de uma experi\u00eancia est\u00e9tica que possa apresentar ao p\u00fablico uma narrativa que reflete sobre a morte e a viol\u00eancia, mas tamb\u00e9m sobre cria\u00e7\u00e3o, arte e vida.<\/span><\/p>\t\t\t\t\t\t<\/div>\n\t\t\t\t<\/div>\n\t\t\t\t\t<\/div>\n\t\t<\/div>\n\t\t\t\t\t<\/div>\n\t\t<\/section>\n\t\t\t\t<section class=\"elementor-section elementor-top-section elementor-element elementor-element-d5a4053 elementor-section-boxed elementor-section-height-default elementor-section-height-default\" data-id=\"d5a4053\" data-element_type=\"section\">\n\t\t\t\t\t\t<div class=\"elementor-container elementor-column-gap-default\">\n\t\t\t\t\t<div class=\"elementor-column elementor-col-50 elementor-top-column elementor-element elementor-element-466d9e3\" data-id=\"466d9e3\" data-element_type=\"column\">\n\t\t\t<div class=\"elementor-widget-wrap elementor-element-populated\">\n\t\t\t\t\t\t<div class=\"elementor-element elementor-element-07b3b7c elementor-widget elementor-widget-image\" data-id=\"07b3b7c\" data-element_type=\"widget\" data-widget_type=\"image.default\">\n\t\t\t\t<div class=\"elementor-widget-container\">\n\t\t\t\t\t\t\t\t\t\t\t\t\t<img decoding=\"async\" width=\"960\" height=\"640\" src=\"https:\/\/damiaoecia.com.br\/wp-content\/uploads\/2022\/07\/capitao8.png\" class=\"attachment-large size-large wp-image-720\" alt=\"\" srcset=\"https:\/\/damiaoecia.com.br\/wp-content\/uploads\/2022\/07\/capitao8.png 1000w, https:\/\/damiaoecia.com.br\/wp-content\/uploads\/2022\/07\/capitao8-300x200.png 300w, https:\/\/damiaoecia.com.br\/wp-content\/uploads\/2022\/07\/capitao8-768x512.png 768w\" sizes=\"(max-width: 960px) 100vw, 960px\" \/>\t\t\t\t\t\t\t\t\t\t\t\t\t<\/div>\n\t\t\t\t<\/div>\n\t\t\t\t\t<\/div>\n\t\t<\/div>\n\t\t\t\t<div class=\"elementor-column elementor-col-50 elementor-top-column elementor-element elementor-element-c4e330a\" data-id=\"c4e330a\" data-element_type=\"column\">\n\t\t\t<div class=\"elementor-widget-wrap elementor-element-populated\">\n\t\t\t\t\t\t<div class=\"elementor-element elementor-element-b6ba56a elementor-widget elementor-widget-image\" data-id=\"b6ba56a\" data-element_type=\"widget\" data-widget_type=\"image.default\">\n\t\t\t\t<div class=\"elementor-widget-container\">\n\t\t\t\t\t\t\t\t\t\t\t\t\t<img loading=\"lazy\" decoding=\"async\" width=\"960\" height=\"640\" src=\"https:\/\/damiaoecia.com.br\/wp-content\/uploads\/2022\/07\/capitao7.png\" class=\"attachment-large size-large wp-image-719\" alt=\"\" srcset=\"https:\/\/damiaoecia.com.br\/wp-content\/uploads\/2022\/07\/capitao7.png 1000w, https:\/\/damiaoecia.com.br\/wp-content\/uploads\/2022\/07\/capitao7-300x200.png 300w, https:\/\/damiaoecia.com.br\/wp-content\/uploads\/2022\/07\/capitao7-768x512.png 768w\" sizes=\"(max-width: 960px) 100vw, 960px\" \/>\t\t\t\t\t\t\t\t\t\t\t\t\t<\/div>\n\t\t\t\t<\/div>\n\t\t\t\t\t<\/div>\n\t\t<\/div>\n\t\t\t\t\t<\/div>\n\t\t<\/section>\n\t\t\t\t<section class=\"elementor-section elementor-top-section elementor-element elementor-element-b538477 elementor-section-boxed elementor-section-height-default elementor-section-height-default\" data-id=\"b538477\" data-element_type=\"section\">\n\t\t\t\t\t\t<div class=\"elementor-container elementor-column-gap-default\">\n\t\t\t\t\t<div class=\"elementor-column elementor-col-100 elementor-top-column elementor-element elementor-element-3ce2821\" data-id=\"3ce2821\" data-element_type=\"column\">\n\t\t\t<div class=\"elementor-widget-wrap elementor-element-populated\">\n\t\t\t\t\t\t<div class=\"elementor-element elementor-element-914b148 elementor-widget elementor-widget-text-editor\" data-id=\"914b148\" data-element_type=\"widget\" data-widget_type=\"text-editor.default\">\n\t\t\t\t<div class=\"elementor-widget-container\">\n\t\t\t\t\t\t\t<h6><b>Ficha T\u00e9cnica<\/b><\/h6><p><b>Dire\u00e7\u00e3o:<\/b><span style=\"font-weight: 400;\"> Tiche Vianna<\/span><\/p><p><b>Dire\u00e7\u00e3o musical:<\/b><span style=\"font-weight: 400;\"> Marcelo Onofri<\/span><\/p><p><b>Texto e atua\u00e7\u00e3o:<\/b><span style=\"font-weight: 400;\"> Rodrigo Nasser<\/span><\/p><p><b>Figurino:<\/b><span style=\"font-weight: 400;\"> Bruna Recchia<\/span><\/p><p><b>Ilumina\u00e7\u00e3o e cenot\u00e9cnica:<\/b><span style=\"font-weight: 400;\"> Eduardo Albergaria<\/span><\/p><p><b>Maquiagem:<\/b><span style=\"font-weight: 400;\"> Lara Prado<\/span><\/p><h6><strong>Sinopse<\/strong><\/h6><p><span style=\"font-weight: 400;\">Em uma taverna, durante a Idade das Trevas, Capit\u00e3o Rabeca conta em detalhes a hist\u00f3ria de sua inf\u00e2ncia e maturidade, de como floresceu em seu esp\u00edrito a admira\u00e7\u00e3o pelas artes e pela beleza, e como foi reprimido por seu rigoroso pai para ser moldado a ferro e fogo para a pr\u00e1tica da guerra.<\/span><\/p><p><strong>Dura\u00e7\u00e3o:<\/strong> 50 minutos<br \/><strong>Classifica\u00e7\u00e3o indicativa:<\/strong> 12 anos<br \/><strong>Formato:<\/strong> palco<\/p>\t\t\t\t\t\t<\/div>\n\t\t\t\t<\/div>\n\t\t\t\t\t<\/div>\n\t\t<\/div>\n\t\t\t\t\t<\/div>\n\t\t<\/section>\n\t\t\t\t<section class=\"elementor-section elementor-top-section elementor-element elementor-element-ab7513a elementor-section-boxed elementor-section-height-default elementor-section-height-default\" data-id=\"ab7513a\" data-element_type=\"section\">\n\t\t\t\t\t\t<div class=\"elementor-container elementor-column-gap-default\">\n\t\t\t\t\t<div class=\"elementor-column elementor-col-50 elementor-top-column elementor-element elementor-element-ec6939a\" data-id=\"ec6939a\" data-element_type=\"column\">\n\t\t\t<div class=\"elementor-widget-wrap elementor-element-populated\">\n\t\t\t\t\t\t<div class=\"elementor-element elementor-element-2b0a255 elementor-widget elementor-widget-image\" data-id=\"2b0a255\" data-element_type=\"widget\" data-widget_type=\"image.default\">\n\t\t\t\t<div class=\"elementor-widget-container\">\n\t\t\t\t\t\t\t\t\t\t\t\t\t<img loading=\"lazy\" decoding=\"async\" width=\"960\" height=\"640\" src=\"https:\/\/damiaoecia.com.br\/wp-content\/uploads\/2022\/07\/capitao3.png\" class=\"attachment-large size-large wp-image-717\" alt=\"\" srcset=\"https:\/\/damiaoecia.com.br\/wp-content\/uploads\/2022\/07\/capitao3.png 1000w, https:\/\/damiaoecia.com.br\/wp-content\/uploads\/2022\/07\/capitao3-300x200.png 300w, https:\/\/damiaoecia.com.br\/wp-content\/uploads\/2022\/07\/capitao3-768x512.png 768w\" sizes=\"(max-width: 960px) 100vw, 960px\" \/>\t\t\t\t\t\t\t\t\t\t\t\t\t<\/div>\n\t\t\t\t<\/div>\n\t\t\t\t\t<\/div>\n\t\t<\/div>\n\t\t\t\t<div class=\"elementor-column elementor-col-50 elementor-top-column elementor-element elementor-element-d722e92\" data-id=\"d722e92\" data-element_type=\"column\">\n\t\t\t<div class=\"elementor-widget-wrap elementor-element-populated\">\n\t\t\t\t\t\t<div class=\"elementor-element elementor-element-9ff0881 elementor-widget elementor-widget-image\" data-id=\"9ff0881\" data-element_type=\"widget\" data-widget_type=\"image.default\">\n\t\t\t\t<div class=\"elementor-widget-container\">\n\t\t\t\t\t\t\t\t\t\t\t\t\t<img loading=\"lazy\" decoding=\"async\" width=\"960\" height=\"640\" src=\"https:\/\/damiaoecia.com.br\/wp-content\/uploads\/2022\/07\/capitao2.png\" class=\"attachment-large size-large wp-image-721\" alt=\"\" srcset=\"https:\/\/damiaoecia.com.br\/wp-content\/uploads\/2022\/07\/capitao2.png 1000w, https:\/\/damiaoecia.com.br\/wp-content\/uploads\/2022\/07\/capitao2-300x200.png 300w, https:\/\/damiaoecia.com.br\/wp-content\/uploads\/2022\/07\/capitao2-768x512.png 768w\" sizes=\"(max-width: 960px) 100vw, 960px\" \/>\t\t\t\t\t\t\t\t\t\t\t\t\t<\/div>\n\t\t\t\t<\/div>\n\t\t\t\t\t<\/div>\n\t\t<\/div>\n\t\t\t\t\t<\/div>\n\t\t<\/section>\n\t\t\t\t<section class=\"elementor-section elementor-top-section elementor-element elementor-element-5fc6272 elementor-section-boxed elementor-section-height-default elementor-section-height-default\" data-id=\"5fc6272\" data-element_type=\"section\">\n\t\t\t\t\t\t<div class=\"elementor-container elementor-column-gap-default\">\n\t\t\t\t\t<div class=\"elementor-column elementor-col-100 elementor-top-column elementor-element elementor-element-e83c3bb\" data-id=\"e83c3bb\" data-element_type=\"column\">\n\t\t\t<div class=\"elementor-widget-wrap elementor-element-populated\">\n\t\t\t\t\t\t<div class=\"elementor-element elementor-element-f1232c8 elementor-widget elementor-widget-text-editor\" data-id=\"f1232c8\" data-element_type=\"widget\" data-widget_type=\"text-editor.default\">\n\t\t\t\t<div class=\"elementor-widget-container\">\n\t\t\t\t\t\t\t<pre>Fotografias: Gabriella Zanardi<\/pre>\t\t\t\t\t\t<\/div>\n\t\t\t\t<\/div>\n\t\t\t\t\t<\/div>\n\t\t<\/div>\n\t\t\t\t\t<\/div>\n\t\t<\/section>\n\t\t\t\t<\/div>\n\t\t","protected":false},"excerpt":{"rendered":"<p>A pe\u00e7a apresenta a figura tragic\u00f4mica de Capit\u00e3o Rabeca, personagem que atualiza o car\u00e1ter da m\u00e1scara do \u201cCapit\u00e3o\u201d da Commedia Dell\u2019arte. Atrav\u00e9s da constru\u00e7\u00e3o c\u00eanica de um personagem tragic\u00f4mico, rid\u00edculo e cruel, que n\u00e3o soube tomar posse de sua pr\u00f3pria vida e realizar seus mais \u00edntimos desejos, a obra busca constituir s\u00edmbolos que sintetizam as experi\u00eancias de viol\u00eancia, persegui\u00e7\u00e3o e censura que a arte viveu e vive at\u00e9 hoje, na hist\u00f3ria do mundo e do Brasil.\u00a0 O texto, escrito em versos rimados, \u00e9 inspirado na vasta tradi\u00e7\u00e3o da poesia popular brasileira, com \u00eanfase especial nas estruturas encontradas nos versos entoados pelos cantadores nordestinos, em suas variadas modalidades.\u00a0 A est\u00e9tica da atua\u00e7\u00e3o \u00e9 composta atrav\u00e9s das linguagens da m\u00e1scara e da m\u00edmica. Compreendendo o ator como o ve\u00edculo do acontecimento teatral, a expressividade acontece atrav\u00e9s da materialidade do corpo-voz.\u00a0 Todos esses elementos s\u00e3o articulados em busca de uma experi\u00eancia est\u00e9tica que possa apresentar ao p\u00fablico uma narrativa que reflete sobre a morte e a viol\u00eancia, mas tamb\u00e9m sobre cria\u00e7\u00e3o, arte e vida. Ficha T\u00e9cnica Dire\u00e7\u00e3o: Tiche Vianna Dire\u00e7\u00e3o musical: Marcelo Onofri Texto e atua\u00e7\u00e3o: Rodrigo Nasser Figurino: Bruna Recchia Ilumina\u00e7\u00e3o e cenot\u00e9cnica: Eduardo Albergaria Maquiagem: Lara Prado Sinopse Em uma taverna, durante a Idade das Trevas, Capit\u00e3o Rabeca conta em detalhes a hist\u00f3ria de sua inf\u00e2ncia e maturidade, de como floresceu em seu esp\u00edrito a admira\u00e7\u00e3o pelas artes e pela beleza, e como foi reprimido por seu rigoroso pai para ser moldado a ferro e fogo para a pr\u00e1tica da guerra. Dura\u00e7\u00e3o: 50 minutosClassifica\u00e7\u00e3o indicativa: 12 anosFormato: palco Fotografias: Gabriella Zanardi<\/p>\n","protected":false},"author":1,"featured_media":0,"parent":0,"menu_order":0,"comment_status":"closed","ping_status":"closed","template":"","meta":{"om_disable_all_campaigns":false,"_monsterinsights_skip_tracking":false,"_monsterinsights_sitenote_active":false,"_monsterinsights_sitenote_note":"","_monsterinsights_sitenote_category":0,"footnotes":""},"class_list":["post-534","page","type-page","status-publish","hentry"],"aioseo_notices":[],"_links":{"self":[{"href":"https:\/\/damiaoecia.com.br\/index.php?rest_route=\/wp\/v2\/pages\/534","targetHints":{"allow":["GET"]}}],"collection":[{"href":"https:\/\/damiaoecia.com.br\/index.php?rest_route=\/wp\/v2\/pages"}],"about":[{"href":"https:\/\/damiaoecia.com.br\/index.php?rest_route=\/wp\/v2\/types\/page"}],"author":[{"embeddable":true,"href":"https:\/\/damiaoecia.com.br\/index.php?rest_route=\/wp\/v2\/users\/1"}],"replies":[{"embeddable":true,"href":"https:\/\/damiaoecia.com.br\/index.php?rest_route=%2Fwp%2Fv2%2Fcomments&post=534"}],"version-history":[{"count":19,"href":"https:\/\/damiaoecia.com.br\/index.php?rest_route=\/wp\/v2\/pages\/534\/revisions"}],"predecessor-version":[{"id":875,"href":"https:\/\/damiaoecia.com.br\/index.php?rest_route=\/wp\/v2\/pages\/534\/revisions\/875"}],"wp:attachment":[{"href":"https:\/\/damiaoecia.com.br\/index.php?rest_route=%2Fwp%2Fv2%2Fmedia&parent=534"}],"curies":[{"name":"wp","href":"https:\/\/api.w.org\/{rel}","templated":true}]}}