{"id":842,"date":"2024-01-30T18:12:15","date_gmt":"2024-01-30T18:12:15","guid":{"rendered":"https:\/\/damiaoecia.com.br\/?page_id=842"},"modified":"2024-01-31T18:55:16","modified_gmt":"2024-01-31T18:55:16","slug":"elementor-842","status":"publish","type":"page","link":"https:\/\/damiaoecia.com.br\/?page_id=842","title":{"rendered":"Bem Debaixo do Nariz"},"content":{"rendered":"\t\t<div data-elementor-type=\"wp-page\" data-elementor-id=\"842\" class=\"elementor elementor-842\">\n\t\t\t\t\t\t<section class=\"elementor-section elementor-top-section elementor-element elementor-element-8002636 elementor-section-boxed elementor-section-height-default elementor-section-height-default\" data-id=\"8002636\" data-element_type=\"section\">\n\t\t\t\t\t\t<div class=\"elementor-container elementor-column-gap-default\">\n\t\t\t\t\t<div class=\"elementor-column elementor-col-50 elementor-top-column elementor-element elementor-element-693dbc7\" data-id=\"693dbc7\" data-element_type=\"column\">\n\t\t\t<div class=\"elementor-widget-wrap elementor-element-populated\">\n\t\t\t\t\t\t<div class=\"elementor-element elementor-element-e0237af elementor-widget elementor-widget-image\" data-id=\"e0237af\" data-element_type=\"widget\" data-widget_type=\"image.default\">\n\t\t\t\t<div class=\"elementor-widget-container\">\n\t\t\t<style>\/*! elementor - v3.20.0 - 26-03-2024 *\/\n.elementor-widget-image{text-align:center}.elementor-widget-image a{display:inline-block}.elementor-widget-image a img[src$=\".svg\"]{width:48px}.elementor-widget-image img{vertical-align:middle;display:inline-block}<\/style>\t\t\t\t\t\t\t\t\t\t<img fetchpriority=\"high\" decoding=\"async\" width=\"960\" height=\"640\" src=\"https:\/\/damiaoecia.com.br\/wp-content\/uploads\/2024\/01\/bemdebaixodonariz_-47-1024x683.jpg\" class=\"attachment-large size-large wp-image-846\" alt=\"\" srcset=\"https:\/\/damiaoecia.com.br\/wp-content\/uploads\/2024\/01\/bemdebaixodonariz_-47-1024x683.jpg 1024w, https:\/\/damiaoecia.com.br\/wp-content\/uploads\/2024\/01\/bemdebaixodonariz_-47-300x200.jpg 300w, https:\/\/damiaoecia.com.br\/wp-content\/uploads\/2024\/01\/bemdebaixodonariz_-47-768x512.jpg 768w, https:\/\/damiaoecia.com.br\/wp-content\/uploads\/2024\/01\/bemdebaixodonariz_-47-1536x1024.jpg 1536w, https:\/\/damiaoecia.com.br\/wp-content\/uploads\/2024\/01\/bemdebaixodonariz_-47-2048x1365.jpg 2048w, https:\/\/damiaoecia.com.br\/wp-content\/uploads\/2024\/01\/bemdebaixodonariz_-47-1140x760.jpg 1140w\" sizes=\"(max-width: 960px) 100vw, 960px\" \/>\t\t\t\t\t\t\t\t\t\t\t\t\t<\/div>\n\t\t\t\t<\/div>\n\t\t\t\t\t<\/div>\n\t\t<\/div>\n\t\t\t\t<div class=\"elementor-column elementor-col-50 elementor-top-column elementor-element elementor-element-c86a0e4\" data-id=\"c86a0e4\" data-element_type=\"column\">\n\t\t\t<div class=\"elementor-widget-wrap elementor-element-populated\">\n\t\t\t\t\t\t<div class=\"elementor-element elementor-element-0d3d56b elementor-widget elementor-widget-image\" data-id=\"0d3d56b\" data-element_type=\"widget\" data-widget_type=\"image.default\">\n\t\t\t\t<div class=\"elementor-widget-container\">\n\t\t\t\t\t\t\t\t\t\t\t\t\t<img decoding=\"async\" width=\"960\" height=\"640\" src=\"https:\/\/damiaoecia.com.br\/wp-content\/uploads\/2024\/01\/bemdebaixodonariz_-56-1024x683.jpg\" class=\"attachment-large size-large wp-image-847\" alt=\"\" srcset=\"https:\/\/damiaoecia.com.br\/wp-content\/uploads\/2024\/01\/bemdebaixodonariz_-56-1024x683.jpg 1024w, https:\/\/damiaoecia.com.br\/wp-content\/uploads\/2024\/01\/bemdebaixodonariz_-56-300x200.jpg 300w, https:\/\/damiaoecia.com.br\/wp-content\/uploads\/2024\/01\/bemdebaixodonariz_-56-768x512.jpg 768w, https:\/\/damiaoecia.com.br\/wp-content\/uploads\/2024\/01\/bemdebaixodonariz_-56-1536x1024.jpg 1536w, https:\/\/damiaoecia.com.br\/wp-content\/uploads\/2024\/01\/bemdebaixodonariz_-56-2048x1365.jpg 2048w, https:\/\/damiaoecia.com.br\/wp-content\/uploads\/2024\/01\/bemdebaixodonariz_-56-1140x760.jpg 1140w\" sizes=\"(max-width: 960px) 100vw, 960px\" \/>\t\t\t\t\t\t\t\t\t\t\t\t\t<\/div>\n\t\t\t\t<\/div>\n\t\t\t\t\t<\/div>\n\t\t<\/div>\n\t\t\t\t\t<\/div>\n\t\t<\/section>\n\t\t\t\t<section class=\"elementor-section elementor-top-section elementor-element elementor-element-7fb4ddf elementor-section-boxed elementor-section-height-default elementor-section-height-default\" data-id=\"7fb4ddf\" data-element_type=\"section\">\n\t\t\t\t\t\t<div class=\"elementor-container elementor-column-gap-default\">\n\t\t\t\t\t<div class=\"elementor-column elementor-col-100 elementor-top-column elementor-element elementor-element-4d0211d\" data-id=\"4d0211d\" data-element_type=\"column\">\n\t\t\t<div class=\"elementor-widget-wrap elementor-element-populated\">\n\t\t\t\t\t\t<div class=\"elementor-element elementor-element-b8687b6 elementor-widget elementor-widget-text-editor\" data-id=\"b8687b6\" data-element_type=\"widget\" data-widget_type=\"text-editor.default\">\n\t\t\t\t<div class=\"elementor-widget-container\">\n\t\t\t<style>\/*! elementor - v3.20.0 - 26-03-2024 *\/\n.elementor-widget-text-editor.elementor-drop-cap-view-stacked .elementor-drop-cap{background-color:#69727d;color:#fff}.elementor-widget-text-editor.elementor-drop-cap-view-framed .elementor-drop-cap{color:#69727d;border:3px solid;background-color:transparent}.elementor-widget-text-editor:not(.elementor-drop-cap-view-default) .elementor-drop-cap{margin-top:8px}.elementor-widget-text-editor:not(.elementor-drop-cap-view-default) .elementor-drop-cap-letter{width:1em;height:1em}.elementor-widget-text-editor .elementor-drop-cap{float:left;text-align:center;line-height:1;font-size:50px}.elementor-widget-text-editor .elementor-drop-cap-letter{display:inline-block}<\/style>\t\t\t\t<p style=\"text-align: left;\"><span style=\"font-weight: 400;\">\u201cBem Debaixo do Nariz\u201d \u00e9 um espet\u00e1culo infantil que conta a trajet\u00f3ria de Brigite e Begonia, duas amigas que crescem sob a lona do mesmo circo e que decidem sair juntas numa jornada em busca daquilo que elas sabem fazer de melhor. \u00c9 uma hist\u00f3ria de amizade entre duas hero\u00ednas que est\u00e3o \u00e0 procura de sua pr\u00f3pria identidade. Assim, a narrativa trata da origem da dupla Brigite e Begonia, palha\u00e7as que protagonizam outros trabalhos da Dami\u00e3o e Cia.<\/span><\/p><p style=\"text-align: left;\"><span style=\"font-weight: 400;\">O espet\u00e1culo \u201cBem Debaixo do Nariz\u201d pretende dar continuidade \u00e0 pesquisa do grupo acerca da teatralidade circense, valorizando-a como um importante referencial para o artista brasileiro, ao mesmo tempo em que endossa a import\u00e2ncia do movimento circense ligado \u00e0 palha\u00e7aria feminina, dando protagonismo para as mulheres por meio da revitaliza\u00e7\u00e3o de uma tradi\u00e7\u00e3o essencialmente ligada ao sexo masculino ao longo da hist\u00f3ria.<\/span><\/p><p style=\"text-align: left;\"><span style=\"font-weight: 400;\">\u00a0A pe\u00e7a \u00e9 dirigida por Cl\u00e1udio Saltini, diretor vencedor de pr\u00eamios como Shell e APCA, entre outros. Neste trabalho, somam-se as linguagens da palha\u00e7aria, do teatro de m\u00e1scaras e do teatro de anima\u00e7\u00e3o na constru\u00e7\u00e3o de um espet\u00e1culo capaz de se comunicar e divertir crian\u00e7as e adultos.\u00a0<\/span><\/p>\t\t\t\t\t\t<\/div>\n\t\t\t\t<\/div>\n\t\t\t\t\t<\/div>\n\t\t<\/div>\n\t\t\t\t\t<\/div>\n\t\t<\/section>\n\t\t\t\t<section class=\"elementor-section elementor-top-section elementor-element elementor-element-6d20063 elementor-section-boxed elementor-section-height-default elementor-section-height-default\" data-id=\"6d20063\" data-element_type=\"section\">\n\t\t\t\t\t\t<div class=\"elementor-container elementor-column-gap-default\">\n\t\t\t\t\t<div class=\"elementor-column elementor-col-50 elementor-top-column elementor-element elementor-element-2ab9b94\" data-id=\"2ab9b94\" data-element_type=\"column\">\n\t\t\t<div class=\"elementor-widget-wrap elementor-element-populated\">\n\t\t\t\t\t\t<div class=\"elementor-element elementor-element-1f06175 elementor-widget elementor-widget-image\" data-id=\"1f06175\" data-element_type=\"widget\" data-widget_type=\"image.default\">\n\t\t\t\t<div class=\"elementor-widget-container\">\n\t\t\t\t\t\t\t\t\t\t\t\t\t<img decoding=\"async\" width=\"960\" height=\"640\" src=\"https:\/\/damiaoecia.com.br\/wp-content\/uploads\/2024\/01\/bemdebaixodonariz_-50-1024x683.jpg\" class=\"attachment-large size-large wp-image-844\" alt=\"\" srcset=\"https:\/\/damiaoecia.com.br\/wp-content\/uploads\/2024\/01\/bemdebaixodonariz_-50-1024x683.jpg 1024w, https:\/\/damiaoecia.com.br\/wp-content\/uploads\/2024\/01\/bemdebaixodonariz_-50-300x200.jpg 300w, https:\/\/damiaoecia.com.br\/wp-content\/uploads\/2024\/01\/bemdebaixodonariz_-50-768x512.jpg 768w, https:\/\/damiaoecia.com.br\/wp-content\/uploads\/2024\/01\/bemdebaixodonariz_-50-1536x1024.jpg 1536w, https:\/\/damiaoecia.com.br\/wp-content\/uploads\/2024\/01\/bemdebaixodonariz_-50-2048x1365.jpg 2048w, https:\/\/damiaoecia.com.br\/wp-content\/uploads\/2024\/01\/bemdebaixodonariz_-50-1140x760.jpg 1140w\" sizes=\"(max-width: 960px) 100vw, 960px\" \/>\t\t\t\t\t\t\t\t\t\t\t\t\t<\/div>\n\t\t\t\t<\/div>\n\t\t\t\t\t<\/div>\n\t\t<\/div>\n\t\t\t\t<div class=\"elementor-column elementor-col-50 elementor-top-column elementor-element elementor-element-4de21a1\" data-id=\"4de21a1\" data-element_type=\"column\">\n\t\t\t<div class=\"elementor-widget-wrap elementor-element-populated\">\n\t\t\t\t\t\t<div class=\"elementor-element elementor-element-f7caef2 elementor-widget elementor-widget-image\" data-id=\"f7caef2\" data-element_type=\"widget\" data-widget_type=\"image.default\">\n\t\t\t\t<div class=\"elementor-widget-container\">\n\t\t\t\t\t\t\t\t\t\t\t\t\t<img loading=\"lazy\" decoding=\"async\" width=\"960\" height=\"640\" src=\"https:\/\/damiaoecia.com.br\/wp-content\/uploads\/2024\/01\/Foto-2-Bem-Debaixo-do-Nariz-Gabriella-Zanardi-1024x683.jpg\" class=\"attachment-large size-large wp-image-831\" alt=\"\" srcset=\"https:\/\/damiaoecia.com.br\/wp-content\/uploads\/2024\/01\/Foto-2-Bem-Debaixo-do-Nariz-Gabriella-Zanardi-1024x683.jpg 1024w, https:\/\/damiaoecia.com.br\/wp-content\/uploads\/2024\/01\/Foto-2-Bem-Debaixo-do-Nariz-Gabriella-Zanardi-300x200.jpg 300w, https:\/\/damiaoecia.com.br\/wp-content\/uploads\/2024\/01\/Foto-2-Bem-Debaixo-do-Nariz-Gabriella-Zanardi-768x512.jpg 768w, https:\/\/damiaoecia.com.br\/wp-content\/uploads\/2024\/01\/Foto-2-Bem-Debaixo-do-Nariz-Gabriella-Zanardi-1536x1024.jpg 1536w, https:\/\/damiaoecia.com.br\/wp-content\/uploads\/2024\/01\/Foto-2-Bem-Debaixo-do-Nariz-Gabriella-Zanardi-2048x1365.jpg 2048w, https:\/\/damiaoecia.com.br\/wp-content\/uploads\/2024\/01\/Foto-2-Bem-Debaixo-do-Nariz-Gabriella-Zanardi-1140x760.jpg 1140w\" sizes=\"(max-width: 960px) 100vw, 960px\" \/>\t\t\t\t\t\t\t\t\t\t\t\t\t<\/div>\n\t\t\t\t<\/div>\n\t\t\t\t\t<\/div>\n\t\t<\/div>\n\t\t\t\t\t<\/div>\n\t\t<\/section>\n\t\t\t\t<section class=\"elementor-section elementor-top-section elementor-element elementor-element-2602536 elementor-section-boxed elementor-section-height-default elementor-section-height-default\" data-id=\"2602536\" data-element_type=\"section\">\n\t\t\t\t\t\t<div class=\"elementor-container elementor-column-gap-default\">\n\t\t\t\t\t<div class=\"elementor-column elementor-col-100 elementor-top-column elementor-element elementor-element-df1b450\" data-id=\"df1b450\" data-element_type=\"column\">\n\t\t\t<div class=\"elementor-widget-wrap elementor-element-populated\">\n\t\t\t\t\t\t<div class=\"elementor-element elementor-element-f5ed6a4 elementor-widget elementor-widget-text-editor\" data-id=\"f5ed6a4\" data-element_type=\"widget\" data-widget_type=\"text-editor.default\">\n\t\t\t\t<div class=\"elementor-widget-container\">\n\t\t\t\t\t\t\t<h4><strong>Ficha t\u00e9cnica<\/strong><\/h4>\n<p><span style=\"font-weight: 400;\"><strong>Dire\u00e7\u00e3o art\u00edstica:<\/strong> Cl\u00e1udio Saltini<\/span><\/p>\n<p><span style=\"font-weight: 400;\"><strong>Elenco:<\/strong> Fernanda Jannuzzelli, Lara Prado e Rodrigo Nasser&nbsp;<\/span><\/p>\n<p><span style=\"font-weight: 400;\"><strong>Trilha Sonora Original:<\/strong> Arturo Cussen <\/span><\/p>\n<p><span style=\"font-weight: 400;\"><strong>M\u00fasicos convidados:<\/strong> Fernando Junqueira e Marcelo Onofri<\/span><\/p>\n<p><span style=\"font-weight: 400;\"><strong>Figurino:<\/strong> Lara Prado&nbsp;<\/span><\/p>\n<p><span style=\"font-weight: 400;\"><strong>Confec\u00e7\u00e3o de figurinos:<\/strong> Graciete Santos<\/span><\/p>\n<p><span style=\"font-weight: 400;\"><strong>Confec\u00e7\u00e3o de macac\u00f5es:<\/strong> Rusmarry Ara\u00fajo<\/span><\/p>\n<p><span style=\"font-weight: 400;\"><strong>Adere\u00e7os e Cenot\u00e9cnica:<\/strong> Cl\u00e1udio Saltini, Lara Prado e Rodrigo Nasser<\/span><\/p>\n<p><span style=\"font-weight: 400;\"><strong>Produ\u00e7\u00e3o:<\/strong> Fernanda Nunes&nbsp;<\/span><\/p>\n<h4><strong style=\"letter-spacing: 0px;\">Sinopse<\/strong><br><\/h4>\n<p><span style=\"font-weight: 400;\">Brigite e Beg\u00f4nia s\u00e3o duas amigas que nascem no mesmo dia, no mesmo hor\u00e1rio e no mesmo circo.&nbsp;<\/span><span style=\"font-weight: 400;\">Ap\u00f3s uma tentativa frustrada de fazerem parte do espet\u00e1culo, elas decidem partir, juntas, em uma aventura para descobrir o que sabem fazer de melhor.&nbsp;<\/span><span style=\"font-weight: 400;\">E n\u00e3o \u00e9 que a resposta pode estar bem debaixo de um nariz vermelho?<\/span><\/p>\n<p><\/p>\n<p><strong>Dura\u00e7\u00e3o:<\/strong> 50 minutos<br><strong>Classifica\u00e7\u00e3o indicativa:<\/strong> livre<br><strong>Formato:<\/strong> palco, espa\u00e7o alternativo<\/p>\t\t\t\t\t\t<\/div>\n\t\t\t\t<\/div>\n\t\t\t\t\t<\/div>\n\t\t<\/div>\n\t\t\t\t\t<\/div>\n\t\t<\/section>\n\t\t\t\t<section class=\"elementor-section elementor-top-section elementor-element elementor-element-c8a2226 elementor-section-boxed elementor-section-height-default elementor-section-height-default\" data-id=\"c8a2226\" data-element_type=\"section\">\n\t\t\t\t\t\t<div class=\"elementor-container elementor-column-gap-default\">\n\t\t\t\t\t<div class=\"elementor-column elementor-col-50 elementor-top-column elementor-element elementor-element-09248e6\" data-id=\"09248e6\" data-element_type=\"column\">\n\t\t\t<div class=\"elementor-widget-wrap elementor-element-populated\">\n\t\t\t\t\t\t<div class=\"elementor-element elementor-element-6d550b0 elementor-widget elementor-widget-image\" data-id=\"6d550b0\" data-element_type=\"widget\" data-widget_type=\"image.default\">\n\t\t\t\t<div class=\"elementor-widget-container\">\n\t\t\t\t\t\t\t\t\t\t\t\t\t<img loading=\"lazy\" decoding=\"async\" width=\"960\" height=\"640\" src=\"https:\/\/damiaoecia.com.br\/wp-content\/uploads\/2024\/01\/Foto-4-Bem-Debaixo-do-Nariz-Gabriella-Zanardi-1024x683.jpg\" class=\"attachment-large size-large wp-image-849\" alt=\"\" srcset=\"https:\/\/damiaoecia.com.br\/wp-content\/uploads\/2024\/01\/Foto-4-Bem-Debaixo-do-Nariz-Gabriella-Zanardi-1024x683.jpg 1024w, https:\/\/damiaoecia.com.br\/wp-content\/uploads\/2024\/01\/Foto-4-Bem-Debaixo-do-Nariz-Gabriella-Zanardi-300x200.jpg 300w, https:\/\/damiaoecia.com.br\/wp-content\/uploads\/2024\/01\/Foto-4-Bem-Debaixo-do-Nariz-Gabriella-Zanardi-768x512.jpg 768w, https:\/\/damiaoecia.com.br\/wp-content\/uploads\/2024\/01\/Foto-4-Bem-Debaixo-do-Nariz-Gabriella-Zanardi-1536x1024.jpg 1536w, https:\/\/damiaoecia.com.br\/wp-content\/uploads\/2024\/01\/Foto-4-Bem-Debaixo-do-Nariz-Gabriella-Zanardi-2048x1365.jpg 2048w, https:\/\/damiaoecia.com.br\/wp-content\/uploads\/2024\/01\/Foto-4-Bem-Debaixo-do-Nariz-Gabriella-Zanardi-1140x760.jpg 1140w\" sizes=\"(max-width: 960px) 100vw, 960px\" \/>\t\t\t\t\t\t\t\t\t\t\t\t\t<\/div>\n\t\t\t\t<\/div>\n\t\t\t\t\t<\/div>\n\t\t<\/div>\n\t\t\t\t<div class=\"elementor-column elementor-col-50 elementor-top-column elementor-element elementor-element-c020a00\" data-id=\"c020a00\" data-element_type=\"column\">\n\t\t\t<div class=\"elementor-widget-wrap elementor-element-populated\">\n\t\t\t\t\t\t<div class=\"elementor-element elementor-element-6aa0078 elementor-widget elementor-widget-image\" data-id=\"6aa0078\" data-element_type=\"widget\" data-widget_type=\"image.default\">\n\t\t\t\t<div class=\"elementor-widget-container\">\n\t\t\t\t\t\t\t\t\t\t\t\t\t<img loading=\"lazy\" decoding=\"async\" width=\"960\" height=\"640\" src=\"https:\/\/damiaoecia.com.br\/wp-content\/uploads\/2024\/01\/Foto-3-Bem-Debaixo-do-Nariz-Gabriella-Zanardi-1024x683.jpg\" class=\"attachment-large size-large wp-image-848\" alt=\"\" srcset=\"https:\/\/damiaoecia.com.br\/wp-content\/uploads\/2024\/01\/Foto-3-Bem-Debaixo-do-Nariz-Gabriella-Zanardi-1024x683.jpg 1024w, https:\/\/damiaoecia.com.br\/wp-content\/uploads\/2024\/01\/Foto-3-Bem-Debaixo-do-Nariz-Gabriella-Zanardi-300x200.jpg 300w, https:\/\/damiaoecia.com.br\/wp-content\/uploads\/2024\/01\/Foto-3-Bem-Debaixo-do-Nariz-Gabriella-Zanardi-768x512.jpg 768w, https:\/\/damiaoecia.com.br\/wp-content\/uploads\/2024\/01\/Foto-3-Bem-Debaixo-do-Nariz-Gabriella-Zanardi-1536x1024.jpg 1536w, https:\/\/damiaoecia.com.br\/wp-content\/uploads\/2024\/01\/Foto-3-Bem-Debaixo-do-Nariz-Gabriella-Zanardi-2048x1365.jpg 2048w, https:\/\/damiaoecia.com.br\/wp-content\/uploads\/2024\/01\/Foto-3-Bem-Debaixo-do-Nariz-Gabriella-Zanardi-1140x760.jpg 1140w\" sizes=\"(max-width: 960px) 100vw, 960px\" \/>\t\t\t\t\t\t\t\t\t\t\t\t\t<\/div>\n\t\t\t\t<\/div>\n\t\t\t\t\t<\/div>\n\t\t<\/div>\n\t\t\t\t\t<\/div>\n\t\t<\/section>\n\t\t\t\t<section class=\"elementor-section elementor-top-section elementor-element elementor-element-294fdda elementor-section-boxed elementor-section-height-default elementor-section-height-default\" data-id=\"294fdda\" data-element_type=\"section\">\n\t\t\t\t\t\t<div class=\"elementor-container elementor-column-gap-default\">\n\t\t\t\t\t<div class=\"elementor-column elementor-col-100 elementor-top-column elementor-element elementor-element-d58b5ec\" data-id=\"d58b5ec\" data-element_type=\"column\">\n\t\t\t<div class=\"elementor-widget-wrap elementor-element-populated\">\n\t\t\t\t\t\t<div class=\"elementor-element elementor-element-8b437b8 elementor-widget elementor-widget-text-editor\" data-id=\"8b437b8\" data-element_type=\"widget\" data-widget_type=\"text-editor.default\">\n\t\t\t\t<div class=\"elementor-widget-container\">\n\t\t\t\t\t\t\t<pre>Fotografias: Gabriella Zanardi<\/pre>\t\t\t\t\t\t<\/div>\n\t\t\t\t<\/div>\n\t\t\t\t\t<\/div>\n\t\t<\/div>\n\t\t\t\t\t<\/div>\n\t\t<\/section>\n\t\t\t\t<\/div>\n\t\t","protected":false},"excerpt":{"rendered":"<p>\u201cBem Debaixo do Nariz\u201d \u00e9 um espet\u00e1culo infantil que conta a trajet\u00f3ria de Brigite e Begonia, duas amigas que crescem sob a lona do mesmo circo e que decidem sair juntas numa jornada em busca daquilo que elas sabem fazer de melhor. \u00c9 uma hist\u00f3ria de amizade entre duas hero\u00ednas que est\u00e3o \u00e0 procura de sua pr\u00f3pria identidade. Assim, a narrativa trata da origem da dupla Brigite e Begonia, palha\u00e7as que protagonizam outros trabalhos da Dami\u00e3o e Cia. O espet\u00e1culo \u201cBem Debaixo do Nariz\u201d pretende dar continuidade \u00e0 pesquisa do grupo acerca da teatralidade circense, valorizando-a como um importante referencial para o artista brasileiro, ao mesmo tempo em que endossa a import\u00e2ncia do movimento circense ligado \u00e0 palha\u00e7aria feminina, dando protagonismo para as mulheres por meio da revitaliza\u00e7\u00e3o de uma tradi\u00e7\u00e3o essencialmente ligada ao sexo masculino ao longo da hist\u00f3ria. \u00a0A pe\u00e7a \u00e9 dirigida por Cl\u00e1udio Saltini, diretor vencedor de pr\u00eamios como Shell e APCA, entre outros. Neste trabalho, somam-se as linguagens da palha\u00e7aria, do teatro de m\u00e1scaras e do teatro de anima\u00e7\u00e3o na constru\u00e7\u00e3o de um espet\u00e1culo capaz de se comunicar e divertir crian\u00e7as e adultos.\u00a0 Ficha t\u00e9cnica Dire\u00e7\u00e3o art\u00edstica: Cl\u00e1udio Saltini Elenco: Fernanda Jannuzzelli, Lara Prado e Rodrigo Nasser&nbsp; Trilha Sonora Original: Arturo Cussen M\u00fasicos convidados: Fernando Junqueira e Marcelo Onofri Figurino: Lara Prado&nbsp; Confec\u00e7\u00e3o de figurinos: Graciete Santos Confec\u00e7\u00e3o de macac\u00f5es: Rusmarry Ara\u00fajo Adere\u00e7os e Cenot\u00e9cnica: Cl\u00e1udio Saltini, Lara Prado e Rodrigo Nasser Produ\u00e7\u00e3o: Fernanda Nunes&nbsp; Sinopse Brigite e Beg\u00f4nia s\u00e3o duas amigas que nascem no mesmo dia, no mesmo hor\u00e1rio e no mesmo circo.&nbsp;Ap\u00f3s uma tentativa frustrada de fazerem parte do espet\u00e1culo, elas decidem partir, juntas, em uma aventura para descobrir o que sabem fazer de melhor.&nbsp;E n\u00e3o \u00e9 que a resposta pode estar bem debaixo de um nariz vermelho? Dura\u00e7\u00e3o: 50 minutosClassifica\u00e7\u00e3o indicativa: livreFormato: palco, espa\u00e7o alternativo Fotografias: Gabriella Zanardi<\/p>\n","protected":false},"author":1,"featured_media":0,"parent":0,"menu_order":0,"comment_status":"closed","ping_status":"closed","template":"","meta":{"om_disable_all_campaigns":false,"_monsterinsights_skip_tracking":false,"_monsterinsights_sitenote_active":false,"_monsterinsights_sitenote_note":"","_monsterinsights_sitenote_category":0,"footnotes":""},"class_list":["post-842","page","type-page","status-publish","hentry"],"aioseo_notices":[],"_links":{"self":[{"href":"https:\/\/damiaoecia.com.br\/index.php?rest_route=\/wp\/v2\/pages\/842","targetHints":{"allow":["GET"]}}],"collection":[{"href":"https:\/\/damiaoecia.com.br\/index.php?rest_route=\/wp\/v2\/pages"}],"about":[{"href":"https:\/\/damiaoecia.com.br\/index.php?rest_route=\/wp\/v2\/types\/page"}],"author":[{"embeddable":true,"href":"https:\/\/damiaoecia.com.br\/index.php?rest_route=\/wp\/v2\/users\/1"}],"replies":[{"embeddable":true,"href":"https:\/\/damiaoecia.com.br\/index.php?rest_route=%2Fwp%2Fv2%2Fcomments&post=842"}],"version-history":[{"count":11,"href":"https:\/\/damiaoecia.com.br\/index.php?rest_route=\/wp\/v2\/pages\/842\/revisions"}],"predecessor-version":[{"id":872,"href":"https:\/\/damiaoecia.com.br\/index.php?rest_route=\/wp\/v2\/pages\/842\/revisions\/872"}],"wp:attachment":[{"href":"https:\/\/damiaoecia.com.br\/index.php?rest_route=%2Fwp%2Fv2%2Fmedia&parent=842"}],"curies":[{"name":"wp","href":"https:\/\/api.w.org\/{rel}","templated":true}]}}