{"id":889,"date":"2024-04-12T13:10:42","date_gmt":"2024-04-12T13:10:42","guid":{"rendered":"https:\/\/damiaoecia.com.br\/?page_id=889"},"modified":"2025-11-27T23:12:27","modified_gmt":"2025-11-27T23:12:27","slug":"agenda","status":"publish","type":"page","link":"https:\/\/damiaoecia.com.br\/?page_id=889","title":{"rendered":"Agenda"},"content":{"rendered":"\t\t<div data-elementor-type=\"wp-page\" data-elementor-id=\"889\" class=\"elementor elementor-889\">\n\t\t\t\t\t\t<section class=\"elementor-section elementor-top-section elementor-element elementor-element-00efbbe elementor-section-boxed elementor-section-height-default elementor-section-height-default\" data-id=\"00efbbe\" data-element_type=\"section\">\n\t\t\t\t\t\t<div class=\"elementor-container elementor-column-gap-default\">\n\t\t\t\t\t<div class=\"elementor-column elementor-col-100 elementor-top-column elementor-element elementor-element-c2fdbe4\" data-id=\"c2fdbe4\" data-element_type=\"column\">\n\t\t\t<div class=\"elementor-widget-wrap elementor-element-populated\">\n\t\t\t\t\t\t\t<\/div>\n\t\t<\/div>\n\t\t\t\t\t<\/div>\n\t\t<\/section>\n\t\t\t\t<section class=\"elementor-section elementor-top-section elementor-element elementor-element-8061dbf elementor-section-boxed elementor-section-height-default elementor-section-height-default\" data-id=\"8061dbf\" data-element_type=\"section\">\n\t\t\t\t\t\t<div class=\"elementor-container elementor-column-gap-default\">\n\t\t\t\t\t<div class=\"elementor-column elementor-col-100 elementor-top-column elementor-element elementor-element-a67390f\" data-id=\"a67390f\" data-element_type=\"column\">\n\t\t\t<div class=\"elementor-widget-wrap elementor-element-populated\">\n\t\t\t\t\t\t<div class=\"elementor-element elementor-element-aff6e0e elementor-widget elementor-widget-text-editor\" data-id=\"aff6e0e\" data-element_type=\"widget\" data-widget_type=\"text-editor.default\">\n\t\t\t\t<div class=\"elementor-widget-container\">\n\t\t\t<style>\/*! elementor - v3.20.0 - 26-03-2024 *\/\n.elementor-widget-text-editor.elementor-drop-cap-view-stacked .elementor-drop-cap{background-color:#69727d;color:#fff}.elementor-widget-text-editor.elementor-drop-cap-view-framed .elementor-drop-cap{color:#69727d;border:3px solid;background-color:transparent}.elementor-widget-text-editor:not(.elementor-drop-cap-view-default) .elementor-drop-cap{margin-top:8px}.elementor-widget-text-editor:not(.elementor-drop-cap-view-default) .elementor-drop-cap-letter{width:1em;height:1em}.elementor-widget-text-editor .elementor-drop-cap{float:left;text-align:center;line-height:1;font-size:50px}.elementor-widget-text-editor .elementor-drop-cap-letter{display:inline-block}<\/style>\t\t\t\t<h3>Pr\u00f3ximas apresenta\u00e7\u00f5es<\/h3>\t\t\t\t\t\t<\/div>\n\t\t\t\t<\/div>\n\t\t\t\t\t<\/div>\n\t\t<\/div>\n\t\t\t\t\t<\/div>\n\t\t<\/section>\n\t\t\t\t<section class=\"elementor-section elementor-top-section elementor-element elementor-element-26f87f0 elementor-section-boxed elementor-section-height-default elementor-section-height-default\" data-id=\"26f87f0\" data-element_type=\"section\">\n\t\t\t\t\t\t<div class=\"elementor-container elementor-column-gap-default\">\n\t\t\t\t\t<div class=\"elementor-column elementor-col-100 elementor-top-column elementor-element elementor-element-6487349\" data-id=\"6487349\" data-element_type=\"column\">\n\t\t\t<div class=\"elementor-widget-wrap elementor-element-populated\">\n\t\t\t\t\t\t<div class=\"elementor-element elementor-element-841ceb1 elementor-widget elementor-widget-text-editor\" data-id=\"841ceb1\" data-element_type=\"widget\" data-widget_type=\"text-editor.default\">\n\t\t\t\t<div class=\"elementor-widget-container\">\n\t\t\t\t\t\t\t\t\t\t\t\t\t<\/div>\n\t\t\t\t<\/div>\n\t\t\t\t<div class=\"elementor-element elementor-element-a73bdce elementor-widget elementor-widget-text-editor\" data-id=\"a73bdce\" data-element_type=\"widget\" data-widget_type=\"text-editor.default\">\n\t\t\t\t<div class=\"elementor-widget-container\">\n\t\t\t\t\t\t\t<p>\u00a0<\/p><p><b>28\/11<\/b><\/p><p><b> O Show N\u00e3o Pode Parar<\/b><\/p><p>15h30 &#8211; Antigo Cinema &#8211; Descalvado\/SP<\/p><p><b>30\/11<\/b><\/p><p><span style=\"font-weight: bold;\">O Show N\u00e3o Pode Parar<\/span><\/p><p>20h &#8211; Concha Ac\u00fastica &#8211; Bebedouro\/SP<\/p><p><b>02\/12<\/b><\/p><p><span style=\"font-weight: bold;\">O Show N\u00e3o Pode Parar<\/span><\/p><p>18h &#8211; Feira da Lua &#8211; Assis\/SP<\/p><p><span style=\"font-weight: bold;\">03\/12<\/span><\/p><p><span style=\"font-weight: bold;\">O Show N\u00e3o Pode Parar<\/span><\/p><p>19h &#8211; Feira Noturna &#8211; Lucian\u00f3polis\/SP<\/p><p><b style=\"letter-spacing: 0px;\">06\/12<\/b><\/p><p><b>Cem Hist\u00f3rias Sem Palavras<\/b><\/p><p>Sesc Campinas\/SP<\/p><p><b>11\/12<\/b><\/p><p><span style=\"font-weight: bold;\">O Show N\u00e3o Pode Parar<\/span><\/p><p><span style=\"letter-spacing: 0px;\">16h &#8211; Pra\u00e7a Rui Barbosa &#8211; Cap\u00e3o Bonito\/SP<\/span><\/p><p><b>12\/12<\/b><\/p><p><span style=\"font-weight: bold;\">O Show N\u00e3o Pode Parar<\/span><\/p><p>19h &#8211; Feira Noturna &#8211; Santa Isabel\/SP<\/p><p><b>17\/12<\/b><\/p><p><b>O Show N\u00e3o Pode Parar<\/b><\/p><p>9h30 &#8211; Feira dos Produtores &#8211; Canan\u00e9ia\/SP<\/p><p><span style=\"font-weight: bold;\">19\/12<\/span><\/p><p><span style=\"font-weight: bold;\">O Show N\u00e3o Pode Parar<\/span><\/p><p>Avanhangava\/SP<\/p>\t\t\t\t\t\t<\/div>\n\t\t\t\t<\/div>\n\t\t\t\t\t<\/div>\n\t\t<\/div>\n\t\t\t\t\t<\/div>\n\t\t<\/section>\n\t\t\t\t<\/div>\n\t\t","protected":false},"excerpt":{"rendered":"<p>Pr\u00f3ximas apresenta\u00e7\u00f5es \u00a0 28\/11 O Show N\u00e3o Pode Parar 15h30 &#8211; Antigo Cinema &#8211; Descalvado\/SP 30\/11 O Show N\u00e3o Pode Parar 20h &#8211; Concha Ac\u00fastica &#8211; Bebedouro\/SP 02\/12 O Show N\u00e3o Pode Parar 18h &#8211; Feira da Lua &#8211; Assis\/SP 03\/12 O Show N\u00e3o Pode Parar 19h &#8211; Feira Noturna &#8211; Lucian\u00f3polis\/SP 06\/12 Cem Hist\u00f3rias Sem Palavras Sesc Campinas\/SP 11\/12 O Show N\u00e3o Pode Parar 16h &#8211; Pra\u00e7a Rui Barbosa &#8211; Cap\u00e3o Bonito\/SP 12\/12 O Show N\u00e3o Pode Parar 19h &#8211; Feira Noturna &#8211; Santa Isabel\/SP 17\/12 O Show N\u00e3o Pode Parar 9h30 &#8211; Feira dos Produtores &#8211; Canan\u00e9ia\/SP 19\/12 O Show N\u00e3o Pode Parar Avanhangava\/SP<\/p>\n","protected":false},"author":1,"featured_media":0,"parent":0,"menu_order":0,"comment_status":"closed","ping_status":"closed","template":"","meta":{"om_disable_all_campaigns":false,"_monsterinsights_skip_tracking":false,"_monsterinsights_sitenote_active":false,"_monsterinsights_sitenote_note":"","_monsterinsights_sitenote_category":0,"footnotes":""},"class_list":["post-889","page","type-page","status-publish","hentry"],"aioseo_notices":[],"_links":{"self":[{"href":"https:\/\/damiaoecia.com.br\/index.php?rest_route=\/wp\/v2\/pages\/889","targetHints":{"allow":["GET"]}}],"collection":[{"href":"https:\/\/damiaoecia.com.br\/index.php?rest_route=\/wp\/v2\/pages"}],"about":[{"href":"https:\/\/damiaoecia.com.br\/index.php?rest_route=\/wp\/v2\/types\/page"}],"author":[{"embeddable":true,"href":"https:\/\/damiaoecia.com.br\/index.php?rest_route=\/wp\/v2\/users\/1"}],"replies":[{"embeddable":true,"href":"https:\/\/damiaoecia.com.br\/index.php?rest_route=%2Fwp%2Fv2%2Fcomments&post=889"}],"version-history":[{"count":67,"href":"https:\/\/damiaoecia.com.br\/index.php?rest_route=\/wp\/v2\/pages\/889\/revisions"}],"predecessor-version":[{"id":1022,"href":"https:\/\/damiaoecia.com.br\/index.php?rest_route=\/wp\/v2\/pages\/889\/revisions\/1022"}],"wp:attachment":[{"href":"https:\/\/damiaoecia.com.br\/index.php?rest_route=%2Fwp%2Fv2%2Fmedia&parent=889"}],"curies":[{"name":"wp","href":"https:\/\/api.w.org\/{rel}","templated":true}]}}