{"id":972,"date":"2025-07-31T15:29:52","date_gmt":"2025-07-31T15:29:52","guid":{"rendered":"https:\/\/damiaoecia.com.br\/?page_id=972"},"modified":"2025-07-31T15:37:06","modified_gmt":"2025-07-31T15:37:06","slug":"elementor-972","status":"publish","type":"page","link":"https:\/\/damiaoecia.com.br\/?page_id=972","title":{"rendered":"Cem Hist\u00f3rias Sem Palavras"},"content":{"rendered":"\t\t<div data-elementor-type=\"wp-page\" data-elementor-id=\"972\" class=\"elementor elementor-972\">\n\t\t\t\t\t\t<section class=\"elementor-section elementor-top-section elementor-element elementor-element-21d7375 elementor-section-boxed elementor-section-height-default elementor-section-height-default\" data-id=\"21d7375\" data-element_type=\"section\">\n\t\t\t\t\t\t<div class=\"elementor-container elementor-column-gap-default\">\n\t\t\t\t\t<div class=\"elementor-column elementor-col-100 elementor-top-column elementor-element elementor-element-34c3332\" data-id=\"34c3332\" data-element_type=\"column\">\n\t\t\t<div class=\"elementor-widget-wrap elementor-element-populated\">\n\t\t\t\t\t\t\t<\/div>\n\t\t<\/div>\n\t\t\t\t\t<\/div>\n\t\t<\/section>\n\t\t\t\t<section class=\"elementor-section elementor-top-section elementor-element elementor-element-31100d1 elementor-section-boxed elementor-section-height-default elementor-section-height-default\" data-id=\"31100d1\" data-element_type=\"section\">\n\t\t\t\t\t\t<div class=\"elementor-container elementor-column-gap-default\">\n\t\t\t\t\t<div class=\"elementor-column elementor-col-50 elementor-top-column elementor-element elementor-element-42a9ec0\" data-id=\"42a9ec0\" data-element_type=\"column\">\n\t\t\t<div class=\"elementor-widget-wrap elementor-element-populated\">\n\t\t\t\t\t\t<div class=\"elementor-element elementor-element-47aeb3d elementor-widget elementor-widget-image\" data-id=\"47aeb3d\" data-element_type=\"widget\" data-widget_type=\"image.default\">\n\t\t\t\t<div class=\"elementor-widget-container\">\n\t\t\t<style>\/*! elementor - v3.20.0 - 26-03-2024 *\/\n.elementor-widget-image{text-align:center}.elementor-widget-image a{display:inline-block}.elementor-widget-image a img[src$=\".svg\"]{width:48px}.elementor-widget-image img{vertical-align:middle;display:inline-block}<\/style>\t\t\t\t\t\t\t\t\t\t<img fetchpriority=\"high\" decoding=\"async\" width=\"960\" height=\"948\" src=\"https:\/\/damiaoecia.com.br\/wp-content\/uploads\/2025\/07\/Francisley_Cem-Historias_2-1-1024x1011.jpg\" class=\"attachment-large size-large wp-image-975\" alt=\"\" srcset=\"https:\/\/damiaoecia.com.br\/wp-content\/uploads\/2025\/07\/Francisley_Cem-Historias_2-1-1024x1011.jpg 1024w, https:\/\/damiaoecia.com.br\/wp-content\/uploads\/2025\/07\/Francisley_Cem-Historias_2-1-300x296.jpg 300w, https:\/\/damiaoecia.com.br\/wp-content\/uploads\/2025\/07\/Francisley_Cem-Historias_2-1-768x758.jpg 768w, https:\/\/damiaoecia.com.br\/wp-content\/uploads\/2025\/07\/Francisley_Cem-Historias_2-1-1536x1516.jpg 1536w, https:\/\/damiaoecia.com.br\/wp-content\/uploads\/2025\/07\/Francisley_Cem-Historias_2-1-2048x2021.jpg 2048w, https:\/\/damiaoecia.com.br\/wp-content\/uploads\/2025\/07\/Francisley_Cem-Historias_2-1-1140x1125.jpg 1140w, https:\/\/damiaoecia.com.br\/wp-content\/uploads\/2025\/07\/Francisley_Cem-Historias_2-1-75x75.jpg 75w\" sizes=\"(max-width: 960px) 100vw, 960px\" \/>\t\t\t\t\t\t\t\t\t\t\t\t\t<\/div>\n\t\t\t\t<\/div>\n\t\t\t\t\t<\/div>\n\t\t<\/div>\n\t\t\t\t<div class=\"elementor-column elementor-col-50 elementor-top-column elementor-element elementor-element-a2f4e38\" data-id=\"a2f4e38\" data-element_type=\"column\">\n\t\t\t<div class=\"elementor-widget-wrap elementor-element-populated\">\n\t\t\t\t\t\t<div class=\"elementor-element elementor-element-991eea0 elementor-widget elementor-widget-image\" data-id=\"991eea0\" data-element_type=\"widget\" data-widget_type=\"image.default\">\n\t\t\t\t<div class=\"elementor-widget-container\">\n\t\t\t\t\t\t\t\t\t\t\t\t\t<img decoding=\"async\" width=\"960\" height=\"948\" src=\"https:\/\/damiaoecia.com.br\/wp-content\/uploads\/2025\/07\/Francisley_Cem-Historias_4.2-1024x1011.jpg\" class=\"attachment-large size-large wp-image-977\" alt=\"\" srcset=\"https:\/\/damiaoecia.com.br\/wp-content\/uploads\/2025\/07\/Francisley_Cem-Historias_4.2-1024x1011.jpg 1024w, https:\/\/damiaoecia.com.br\/wp-content\/uploads\/2025\/07\/Francisley_Cem-Historias_4.2-300x296.jpg 300w, https:\/\/damiaoecia.com.br\/wp-content\/uploads\/2025\/07\/Francisley_Cem-Historias_4.2-768x758.jpg 768w, https:\/\/damiaoecia.com.br\/wp-content\/uploads\/2025\/07\/Francisley_Cem-Historias_4.2-1536x1516.jpg 1536w, https:\/\/damiaoecia.com.br\/wp-content\/uploads\/2025\/07\/Francisley_Cem-Historias_4.2-2048x2021.jpg 2048w, https:\/\/damiaoecia.com.br\/wp-content\/uploads\/2025\/07\/Francisley_Cem-Historias_4.2-1140x1125.jpg 1140w, https:\/\/damiaoecia.com.br\/wp-content\/uploads\/2025\/07\/Francisley_Cem-Historias_4.2-75x75.jpg 75w\" sizes=\"(max-width: 960px) 100vw, 960px\" \/>\t\t\t\t\t\t\t\t\t\t\t\t\t<\/div>\n\t\t\t\t<\/div>\n\t\t\t\t\t<\/div>\n\t\t<\/div>\n\t\t\t\t\t<\/div>\n\t\t<\/section>\n\t\t\t\t<section class=\"elementor-section elementor-top-section elementor-element elementor-element-ff9cc26 elementor-section-boxed elementor-section-height-default elementor-section-height-default\" data-id=\"ff9cc26\" data-element_type=\"section\">\n\t\t\t\t\t\t<div class=\"elementor-container elementor-column-gap-default\">\n\t\t\t\t\t<div class=\"elementor-column elementor-col-100 elementor-top-column elementor-element elementor-element-64c6cc9\" data-id=\"64c6cc9\" data-element_type=\"column\">\n\t\t\t<div class=\"elementor-widget-wrap elementor-element-populated\">\n\t\t\t\t\t\t<div class=\"elementor-element elementor-element-48b6407 elementor-widget elementor-widget-text-editor\" data-id=\"48b6407\" data-element_type=\"widget\" data-widget_type=\"text-editor.default\">\n\t\t\t\t<div class=\"elementor-widget-container\">\n\t\t\t<style>\/*! elementor - v3.20.0 - 26-03-2024 *\/\n.elementor-widget-text-editor.elementor-drop-cap-view-stacked .elementor-drop-cap{background-color:#69727d;color:#fff}.elementor-widget-text-editor.elementor-drop-cap-view-framed .elementor-drop-cap{color:#69727d;border:3px solid;background-color:transparent}.elementor-widget-text-editor:not(.elementor-drop-cap-view-default) .elementor-drop-cap{margin-top:8px}.elementor-widget-text-editor:not(.elementor-drop-cap-view-default) .elementor-drop-cap-letter{width:1em;height:1em}.elementor-widget-text-editor .elementor-drop-cap{float:left;text-align:center;line-height:1;font-size:50px}.elementor-widget-text-editor .elementor-drop-cap-letter{display:inline-block}<\/style>\t\t\t\t<p><span style=\"font-weight: 400;\">Uma esta\u00e7\u00e3o de trem. Duas pessoas. Um encontro. Tomando como base a tradi\u00e7\u00e3o da atua\u00e7\u00e3o c\u00f4mica n\u00e3o-verbal, o espet\u00e1culo infanto-juvenil \u201cCem Hist\u00f3rias Sem Palavras\u201d foi concebido para ser acess\u00edvel \u00e0s pessoas surdas e ouvintes e utiliza principalmente o discurso visual para comunicar aos espectadores uma narrativa simples e cativante.\u00a0<\/span><\/p><p><span style=\"font-weight: 400;\">A obra revela ao p\u00fablico o inusitado encontro entre dois seres singulares, uma palha\u00e7a e um palha\u00e7o que reconhecem-se como semelhantes em suas diferen\u00e7as. No tempo que desfrutam juntos fazem surgir brincadeiras m\u00e1gicas, acrob\u00e1ticas, malabar\u00edsticas, pantom\u00edmicas e musicais que encantam por meio da graciosidade dos gestos e express\u00f5es. Dessa forma, o espet\u00e1culo fala sobre o poder do encontro sincero, emp\u00e1tico e brincalh\u00e3o &#8211; capaz at\u00e9 de parar o tempo e criar outras dimens\u00f5es.<\/span><\/p><p><span style=\"font-weight: 400;\">O espet\u00e1culo \u00e9 dirigido por Cl\u00e1udio Saltini, premiado ator e diretor de teatro infantil, fundador da Cia Circo de Bonecos, e tem a trilha sonora assinada pelo m\u00fasico e compositor Arturo Cussen, do Circo da Silva. O figurino \u00e9 de autoria de Lara Prado, figurinista da Dami\u00e3o e Cia e tamb\u00e9m atriz do espet\u00e1culo.<\/span><\/p>\t\t\t\t\t\t<\/div>\n\t\t\t\t<\/div>\n\t\t\t\t\t<\/div>\n\t\t<\/div>\n\t\t\t\t\t<\/div>\n\t\t<\/section>\n\t\t\t\t<section class=\"elementor-section elementor-top-section elementor-element elementor-element-8adc188 elementor-section-boxed elementor-section-height-default elementor-section-height-default\" data-id=\"8adc188\" data-element_type=\"section\">\n\t\t\t\t\t\t<div class=\"elementor-container elementor-column-gap-default\">\n\t\t\t\t\t<div class=\"elementor-column elementor-col-50 elementor-top-column elementor-element elementor-element-7381c56\" data-id=\"7381c56\" data-element_type=\"column\">\n\t\t\t<div class=\"elementor-widget-wrap elementor-element-populated\">\n\t\t\t\t\t\t<div class=\"elementor-element elementor-element-10fa734 elementor-widget elementor-widget-image\" data-id=\"10fa734\" data-element_type=\"widget\" data-widget_type=\"image.default\">\n\t\t\t\t<div class=\"elementor-widget-container\">\n\t\t\t\t\t\t\t\t\t\t\t\t\t<img decoding=\"async\" width=\"960\" height=\"933\" src=\"https:\/\/damiaoecia.com.br\/wp-content\/uploads\/2025\/07\/Francisley_Cem-Historias_1.2-1024x995.jpg\" class=\"attachment-large size-large wp-image-978\" alt=\"\" srcset=\"https:\/\/damiaoecia.com.br\/wp-content\/uploads\/2025\/07\/Francisley_Cem-Historias_1.2-1024x995.jpg 1024w, https:\/\/damiaoecia.com.br\/wp-content\/uploads\/2025\/07\/Francisley_Cem-Historias_1.2-300x292.jpg 300w, https:\/\/damiaoecia.com.br\/wp-content\/uploads\/2025\/07\/Francisley_Cem-Historias_1.2-768x746.jpg 768w, https:\/\/damiaoecia.com.br\/wp-content\/uploads\/2025\/07\/Francisley_Cem-Historias_1.2-1536x1493.jpg 1536w, https:\/\/damiaoecia.com.br\/wp-content\/uploads\/2025\/07\/Francisley_Cem-Historias_1.2-2048x1990.jpg 2048w, https:\/\/damiaoecia.com.br\/wp-content\/uploads\/2025\/07\/Francisley_Cem-Historias_1.2-1140x1108.jpg 1140w\" sizes=\"(max-width: 960px) 100vw, 960px\" \/>\t\t\t\t\t\t\t\t\t\t\t\t\t<\/div>\n\t\t\t\t<\/div>\n\t\t\t\t\t<\/div>\n\t\t<\/div>\n\t\t\t\t<div class=\"elementor-column elementor-col-50 elementor-top-column elementor-element elementor-element-76b453c\" data-id=\"76b453c\" data-element_type=\"column\">\n\t\t\t<div class=\"elementor-widget-wrap elementor-element-populated\">\n\t\t\t\t\t\t<div class=\"elementor-element elementor-element-cb68b35 elementor-widget elementor-widget-image\" data-id=\"cb68b35\" data-element_type=\"widget\" data-widget_type=\"image.default\">\n\t\t\t\t<div class=\"elementor-widget-container\">\n\t\t\t\t\t\t\t\t\t\t\t\t\t<img loading=\"lazy\" decoding=\"async\" width=\"960\" height=\"933\" src=\"https:\/\/damiaoecia.com.br\/wp-content\/uploads\/2025\/07\/Francisley_Cem-Historias_6-1024x995.jpg\" class=\"attachment-large size-large wp-image-979\" alt=\"\" srcset=\"https:\/\/damiaoecia.com.br\/wp-content\/uploads\/2025\/07\/Francisley_Cem-Historias_6-1024x995.jpg 1024w, https:\/\/damiaoecia.com.br\/wp-content\/uploads\/2025\/07\/Francisley_Cem-Historias_6-300x292.jpg 300w, https:\/\/damiaoecia.com.br\/wp-content\/uploads\/2025\/07\/Francisley_Cem-Historias_6-768x746.jpg 768w, https:\/\/damiaoecia.com.br\/wp-content\/uploads\/2025\/07\/Francisley_Cem-Historias_6-1536x1493.jpg 1536w, https:\/\/damiaoecia.com.br\/wp-content\/uploads\/2025\/07\/Francisley_Cem-Historias_6-2048x1990.jpg 2048w, https:\/\/damiaoecia.com.br\/wp-content\/uploads\/2025\/07\/Francisley_Cem-Historias_6-1140x1108.jpg 1140w\" sizes=\"(max-width: 960px) 100vw, 960px\" \/>\t\t\t\t\t\t\t\t\t\t\t\t\t<\/div>\n\t\t\t\t<\/div>\n\t\t\t\t\t<\/div>\n\t\t<\/div>\n\t\t\t\t\t<\/div>\n\t\t<\/section>\n\t\t\t\t<section class=\"elementor-section elementor-top-section elementor-element elementor-element-e9f8ea0 elementor-section-boxed elementor-section-height-default elementor-section-height-default\" data-id=\"e9f8ea0\" data-element_type=\"section\">\n\t\t\t\t\t\t<div class=\"elementor-container elementor-column-gap-default\">\n\t\t\t\t\t<div class=\"elementor-column elementor-col-100 elementor-top-column elementor-element elementor-element-1b5c876\" data-id=\"1b5c876\" data-element_type=\"column\">\n\t\t\t<div class=\"elementor-widget-wrap elementor-element-populated\">\n\t\t\t\t\t\t<div class=\"elementor-element elementor-element-100bd87 elementor-widget elementor-widget-text-editor\" data-id=\"100bd87\" data-element_type=\"widget\" data-widget_type=\"text-editor.default\">\n\t\t\t\t<div class=\"elementor-widget-container\">\n\t\t\t\t\t\t\t<p><b>FICHA T\u00c9CNICA<\/b><\/p><p><b>Atua\u00e7\u00e3o: <\/b><span style=\"font-weight: 400;\">Lara Prado e Rodrigo Nasser<\/span><\/p><p><b>Dire\u00e7\u00e3o:<\/b><span style=\"font-weight: 400;\"> Cl\u00e1udio Saltini (Cia Circo de Bonecos)<\/span><\/p><p><b>Trilha sonora original:<\/b><span style=\"font-weight: 400;\"> Arturo Cussen (Circo da Silva)\u00a0<\/span><\/p><p><b>Concep\u00e7\u00e3o de figurino: <\/b><span style=\"font-weight: 400;\">Lara Prado\u00a0<\/span><\/p><p><b>Confec\u00e7\u00e3o de figurino: <\/b><span style=\"font-weight: 400;\">Graciete Mary dos Santos<\/span><\/p><p><b>SINOPSE<\/b><\/p><p><span style=\"font-weight: 400;\">Um palha\u00e7o e uma palha\u00e7a chegam ao mesmo tempo em uma esta\u00e7\u00e3o de trem. Esse encontro inesperado estimula uma s\u00e9rie de trocas c\u00f4micas e cativantes que permite a eles se reconhecerem em suas diferen\u00e7as. M\u00e1gica, m\u00fasica, malabarismo e m\u00edmica criam uma brecha po\u00e9tica no tempo, na qual muitas hist\u00f3rias podem ser contadas sem palavras.<\/span><\/p><p><strong>Dura\u00e7\u00e3o: <\/strong>45 minutos<br \/><strong>Classifica\u00e7\u00e3o indicativa:<\/strong> livre<br \/><strong>Formato:<\/strong> palco, espa\u00e7o alternativo<\/p><p>\u00a0<\/p>\t\t\t\t\t\t<\/div>\n\t\t\t\t<\/div>\n\t\t\t\t\t<\/div>\n\t\t<\/div>\n\t\t\t\t\t<\/div>\n\t\t<\/section>\n\t\t\t\t<section class=\"elementor-section elementor-top-section elementor-element elementor-element-5ba462f elementor-section-boxed elementor-section-height-default elementor-section-height-default\" data-id=\"5ba462f\" data-element_type=\"section\">\n\t\t\t\t\t\t<div class=\"elementor-container elementor-column-gap-default\">\n\t\t\t\t\t<div class=\"elementor-column elementor-col-100 elementor-top-column elementor-element elementor-element-e57c70a\" data-id=\"e57c70a\" data-element_type=\"column\">\n\t\t\t<div class=\"elementor-widget-wrap elementor-element-populated\">\n\t\t\t\t\t\t<div class=\"elementor-element elementor-element-75feb44 elementor-widget elementor-widget-text-editor\" data-id=\"75feb44\" data-element_type=\"widget\" data-widget_type=\"text-editor.default\">\n\t\t\t\t<div class=\"elementor-widget-container\">\n\t\t\t\t\t\t\t<pre><span style=\"font-weight: 400;\">Fotografias: Francisley Gallo<\/span><\/pre>\t\t\t\t\t\t<\/div>\n\t\t\t\t<\/div>\n\t\t\t\t\t<\/div>\n\t\t<\/div>\n\t\t\t\t\t<\/div>\n\t\t<\/section>\n\t\t\t\t<\/div>\n\t\t","protected":false},"excerpt":{"rendered":"<p>Uma esta\u00e7\u00e3o de trem. Duas pessoas. Um encontro. Tomando como base a tradi\u00e7\u00e3o da atua\u00e7\u00e3o c\u00f4mica n\u00e3o-verbal, o espet\u00e1culo infanto-juvenil \u201cCem Hist\u00f3rias Sem Palavras\u201d foi concebido para ser acess\u00edvel \u00e0s pessoas surdas e ouvintes e utiliza principalmente o discurso visual para comunicar aos espectadores uma narrativa simples e cativante.\u00a0 A obra revela ao p\u00fablico o inusitado encontro entre dois seres singulares, uma palha\u00e7a e um palha\u00e7o que reconhecem-se como semelhantes em suas diferen\u00e7as. No tempo que desfrutam juntos fazem surgir brincadeiras m\u00e1gicas, acrob\u00e1ticas, malabar\u00edsticas, pantom\u00edmicas e musicais que encantam por meio da graciosidade dos gestos e express\u00f5es. Dessa forma, o espet\u00e1culo fala sobre o poder do encontro sincero, emp\u00e1tico e brincalh\u00e3o &#8211; capaz at\u00e9 de parar o tempo e criar outras dimens\u00f5es. O espet\u00e1culo \u00e9 dirigido por Cl\u00e1udio Saltini, premiado ator e diretor de teatro infantil, fundador da Cia Circo de Bonecos, e tem a trilha sonora assinada pelo m\u00fasico e compositor Arturo Cussen, do Circo da Silva. O figurino \u00e9 de autoria de Lara Prado, figurinista da Dami\u00e3o e Cia e tamb\u00e9m atriz do espet\u00e1culo. FICHA T\u00c9CNICA Atua\u00e7\u00e3o: Lara Prado e Rodrigo Nasser Dire\u00e7\u00e3o: Cl\u00e1udio Saltini (Cia Circo de Bonecos) Trilha sonora original: Arturo Cussen (Circo da Silva)\u00a0 Concep\u00e7\u00e3o de figurino: Lara Prado\u00a0 Confec\u00e7\u00e3o de figurino: Graciete Mary dos Santos SINOPSE Um palha\u00e7o e uma palha\u00e7a chegam ao mesmo tempo em uma esta\u00e7\u00e3o de trem. Esse encontro inesperado estimula uma s\u00e9rie de trocas c\u00f4micas e cativantes que permite a eles se reconhecerem em suas diferen\u00e7as. M\u00e1gica, m\u00fasica, malabarismo e m\u00edmica criam uma brecha po\u00e9tica no tempo, na qual muitas hist\u00f3rias podem ser contadas sem palavras. Dura\u00e7\u00e3o: 45 minutosClassifica\u00e7\u00e3o indicativa: livreFormato: palco, espa\u00e7o alternativo \u00a0 Fotografias: Francisley Gallo<\/p>\n","protected":false},"author":1,"featured_media":0,"parent":0,"menu_order":0,"comment_status":"closed","ping_status":"closed","template":"","meta":{"om_disable_all_campaigns":false,"_monsterinsights_skip_tracking":false,"_monsterinsights_sitenote_active":false,"_monsterinsights_sitenote_note":"","_monsterinsights_sitenote_category":0,"footnotes":""},"class_list":["post-972","page","type-page","status-publish","hentry"],"aioseo_notices":[],"_links":{"self":[{"href":"https:\/\/damiaoecia.com.br\/index.php?rest_route=\/wp\/v2\/pages\/972","targetHints":{"allow":["GET"]}}],"collection":[{"href":"https:\/\/damiaoecia.com.br\/index.php?rest_route=\/wp\/v2\/pages"}],"about":[{"href":"https:\/\/damiaoecia.com.br\/index.php?rest_route=\/wp\/v2\/types\/page"}],"author":[{"embeddable":true,"href":"https:\/\/damiaoecia.com.br\/index.php?rest_route=\/wp\/v2\/users\/1"}],"replies":[{"embeddable":true,"href":"https:\/\/damiaoecia.com.br\/index.php?rest_route=%2Fwp%2Fv2%2Fcomments&post=972"}],"version-history":[{"count":8,"href":"https:\/\/damiaoecia.com.br\/index.php?rest_route=\/wp\/v2\/pages\/972\/revisions"}],"predecessor-version":[{"id":986,"href":"https:\/\/damiaoecia.com.br\/index.php?rest_route=\/wp\/v2\/pages\/972\/revisions\/986"}],"wp:attachment":[{"href":"https:\/\/damiaoecia.com.br\/index.php?rest_route=%2Fwp%2Fv2%2Fmedia&parent=972"}],"curies":[{"name":"wp","href":"https:\/\/api.w.org\/{rel}","templated":true}]}}